{"id":83,"date":"2013-06-07T11:33:05","date_gmt":"2013-06-07T11:33:05","guid":{"rendered":"http:\/\/demo.woothemes.com\/woocommerce\/?post_type=product&#038;p=83"},"modified":"2026-03-04T12:56:53","modified_gmt":"2026-03-04T12:56:53","slug":"vestibulum-quis","status":"publish","type":"product","link":"https:\/\/nongsantuanlinh.com\/?product=vestibulum-quis","title":{"rendered":"B\u1ed9t G\u1eebng"},"content":{"rendered":"<p>C\u1ee7 g\u1eebng \u0111\u01b0\u1ee3c ch\u1ecdn t\u1eeb nh\u1eefng c\u1ee7 t\u01b0\u01a1i s\u1ea1ch, sau \u0111\u00f3 c\u1ea1o s\u1ea1ch v\u1ecf, c\u1eaft th\u00e1i th\u00e0nh t\u1eebng mi\u1ebfng. Ti\u1ebfp theo s\u1ebd \u0111\u01b0\u1ee3c s\u1ea5y kh\u00f4 b\u1eb1ng m\u00e1y s\u1ea5y kh\u00f4 hi\u1ec7n v\u00e0 xay nhuy\u1ec5n th\u00e0nh b\u1ed9t m\u1ecbn.<\/p>\n<p>&nbsp;<\/p>\n","protected":false},"excerpt":{"rendered":"<p>B\u1ed9t G\u1eebng \u0111\u01b0\u1ee3c s\u1eed d\u1ee5ng l\u00e0m nguy\u00ean li\u1ec7u s\u1ea3n xu\u1ea5t th\u1ef1c ,l\u00e0m gia v\u1ecb. \u0110\u00f3ng g\u00f3i 20kg\/bao; 30kg\/bao v\u00e0 \u0111\u00f3ng g\u00f3i theo y\u00eau c\u1ea7u c\u1ee7a kh\u00e1ch h\u00e0ng.<\/p>\n","protected":false},"featured_media":206,"comment_status":"open","ping_status":"closed","template":"","meta":[],"product_brand":[],"product_cat":[18],"product_tag":[17,19],"class_list":{"0":"post-83","1":"product","2":"type-product","3":"status-publish","4":"has-post-thumbnail","6":"product_cat-gia-vi","7":"product_tag-bot-chien","8":"product_tag-gia-vi","10":"first","11":"instock","12":"downloadable","13":"shipping-taxable","14":"purchasable","15":"product-type-simple"},"jetpack-related-posts":[{"id":87,"url":"https:\/\/nongsantuanlinh.com\/?product=cras-in-dictum","url_meta":{"origin":83,"position":0},"title":"B\u1ed9t \u1edat T\u1ea5m","author":"nongsantuanlinh","date":"07.06.2013","format":false,"excerpt":"B\u1ed9t \u1edbt \u0111\u01b0\u1ee3c ch\u1ecdn nh\u1eefng qu\u1ea3 \u1edbt t\u01b0\u01a1i lo\u1ea1i 1 ,kh\u00f4ng h\u00e9o \u00faa, kh\u00f4ng thu\u1ed1c b\u1ea3o v\u1ec7 th\u1ef1c v\u1eadt. Sau \u0111\u00f3 s\u01a1 ch\u1ebf r\u1eeda s\u1ea1ch - c\u1eaft l\u00e1t - s\u1ea5y kh\u00f4 v\u00e0 nghi\u1ec1n th\u00e0nh b\u1ed9t \u1edbt d\u1ea1ng t\u1ea5m b\u1eb1ng m\u00e1y c\u00f4ng nghi\u1ec7p hi\u1ec7n \u0111\u1ea1i. B\u1ed9t \u1edbt \u0111\u01b0\u1ee3c s\u1eed d\u1ee5ng l\u00e0m\u2026","rel":"","context":"V\u1edbi 1 b\u00ecnh lu\u1eadn","block_context":{"text":"V\u1edbi 1 b\u00ecnh lu\u1eadn","link":"https:\/\/nongsantuanlinh.com\/?product=cras-in-dictum#comments"},"img":{"alt_text":"","src":"https:\/\/i0.wp.com\/nongsantuanlinh.com\/wp-content\/uploads\/2022\/11\/NLS_2243.png?fit=1200%2C1200&ssl=1&resize=350%2C200","width":350,"height":200,"srcset":"https:\/\/i0.wp.com\/nongsantuanlinh.com\/wp-content\/uploads\/2022\/11\/NLS_2243.png?fit=1200%2C1200&ssl=1&resize=350%2C200 1x, https:\/\/i0.wp.com\/nongsantuanlinh.com\/wp-content\/uploads\/2022\/11\/NLS_2243.png?fit=1200%2C1200&ssl=1&resize=525%2C300 1.5x, https:\/\/i0.wp.com\/nongsantuanlinh.com\/wp-content\/uploads\/2022\/11\/NLS_2243.png?fit=1200%2C1200&ssl=1&resize=700%2C400 2x, https:\/\/i0.wp.com\/nongsantuanlinh.com\/wp-content\/uploads\/2022\/11\/NLS_2243.png?fit=1200%2C1200&ssl=1&resize=1050%2C600 3x"},"classes":[]},{"id":318,"url":"https:\/\/nongsantuanlinh.com\/?product=bot-ot-canh-loai-1","url_meta":{"origin":83,"position":1},"title":"B\u1ed9t \u1edat C\u00e1nh lo\u1ea1i 1","author":"nongsantuanlinh","date":"05.11.2022","format":false,"excerpt":"B\u1ed9t \u1edbt \u0111\u01b0\u1ee3c ch\u1ecdn nh\u1eefng qu\u1ea3 \u1edbt t\u01b0\u01a1i lo\u1ea1i 1 ,kh\u00f4ng h\u00e9o \u00faa, kh\u00f4ng thu\u1ed1c b\u1ea3o v\u1ec7 th\u1ef1c v\u1eadt. Sau \u0111\u00f3 s\u01a1 ch\u1ebf r\u1eeda s\u1ea1ch - c\u1eaft l\u00e1t - s\u1ea5y kh\u00f4 v\u00e0 nghi\u1ec1n th\u00e0nh b\u1ed9t \u1edbt d\u1ea1ng c\u00e1nh b\u1eb1ng m\u00e1y c\u00f4ng nghi\u1ec7p hi\u1ec7n \u0111\u1ea1i. B\u1ed9t \u1edbt \u0111\u01b0\u1ee3c s\u1eed d\u1ee5ng l\u00e0m\u2026","rel":"","context":"V\u1edbi 1 b\u00ecnh lu\u1eadn","block_context":{"text":"V\u1edbi 1 b\u00ecnh lu\u1eadn","link":"https:\/\/nongsantuanlinh.com\/?product=bot-ot-canh-loai-1#comments"},"img":{"alt_text":"","src":"https:\/\/i0.wp.com\/nongsantuanlinh.com\/wp-content\/uploads\/2022\/11\/OT-CANH-LOAI-1-MAT-TRUOC.jpg?fit=900%2C1200&ssl=1&resize=350%2C200","width":350,"height":200,"srcset":"https:\/\/i0.wp.com\/nongsantuanlinh.com\/wp-content\/uploads\/2022\/11\/OT-CANH-LOAI-1-MAT-TRUOC.jpg?fit=900%2C1200&ssl=1&resize=350%2C200 1x, https:\/\/i0.wp.com\/nongsantuanlinh.com\/wp-content\/uploads\/2022\/11\/OT-CANH-LOAI-1-MAT-TRUOC.jpg?fit=900%2C1200&ssl=1&resize=525%2C300 1.5x, https:\/\/i0.wp.com\/nongsantuanlinh.com\/wp-content\/uploads\/2022\/11\/OT-CANH-LOAI-1-MAT-TRUOC.jpg?fit=900%2C1200&ssl=1&resize=700%2C400 2x"},"classes":[]},{"id":322,"url":"https:\/\/nongsantuanlinh.com\/?product=bot-ot-canh-loai-2","url_meta":{"origin":83,"position":2},"title":"B\u1ed9t \u1edat C\u00e1nh lo\u1ea1i 2","author":"nongsantuanlinh","date":"05.11.2022","format":false,"excerpt":"B\u1ed9t \u1edbt \u0111\u01b0\u1ee3c ch\u1ecdn nh\u1eefng qu\u1ea3 \u1edbt t\u01b0\u01a1i lo\u1ea1i 1 ,kh\u00f4ng h\u00e9o \u00faa, kh\u00f4ng thu\u1ed1c b\u1ea3o v\u1ec7 th\u1ef1c v\u1eadt. Sau \u0111\u00f3 s\u01a1 ch\u1ebf r\u1eeda s\u1ea1ch - c\u1eaft l\u00e1t - s\u1ea5y kh\u00f4 v\u00e0 nghi\u1ec1n th\u00e0nh b\u1ed9t \u1edbt d\u1ea1ng c\u00e1nh b\u1eb1ng m\u00e1y c\u00f4ng nghi\u1ec7p hi\u1ec7n \u0111\u1ea1i. B\u1ed9t \u1edbt \u0111\u01b0\u1ee3c s\u1eed d\u1ee5ng l\u00e0m\u2026","rel":"","context":"B\u00e0i t\u01b0\u01a1ng t\u1ef1","block_context":{"text":"B\u00e0i t\u01b0\u01a1ng t\u1ef1","link":""},"img":{"alt_text":"","src":"https:\/\/i0.wp.com\/nongsantuanlinh.com\/wp-content\/uploads\/2022\/11\/OT-CANH-LOAI-2-MAT-TRUOC-rotated.jpg?fit=900%2C1200&ssl=1&resize=350%2C200","width":350,"height":200,"srcset":"https:\/\/i0.wp.com\/nongsantuanlinh.com\/wp-content\/uploads\/2022\/11\/OT-CANH-LOAI-2-MAT-TRUOC-rotated.jpg?fit=900%2C1200&ssl=1&resize=350%2C200 1x, https:\/\/i0.wp.com\/nongsantuanlinh.com\/wp-content\/uploads\/2022\/11\/OT-CANH-LOAI-2-MAT-TRUOC-rotated.jpg?fit=900%2C1200&ssl=1&resize=525%2C300 1.5x, https:\/\/i0.wp.com\/nongsantuanlinh.com\/wp-content\/uploads\/2022\/11\/OT-CANH-LOAI-2-MAT-TRUOC-rotated.jpg?fit=900%2C1200&ssl=1&resize=700%2C400 2x"},"classes":[]},{"id":432,"url":"https:\/\/nongsantuanlinh.com\/?product=bot-dieu-do","url_meta":{"origin":83,"position":3},"title":"B\u1ed9t \u0110i\u1ec1u \u0110\u1ecf","author":"nongsantuanlinh","date":"23.11.2022","format":false,"excerpt":"B\u1ed9t \u0111i\u1ec1u \u0111\u1ecf d\u00f9ng \u0111\u1ec3 th\u1eafng v\u1edbi d\u1ea7u \u0103n ho\u1eb7c m\u1ee1. \u0110\u1ec3 l\u1eeda riu riu th\u1eafng trong v\u00f2ng 5 ph\u00fat th\u00ec cho ra m\u00e0u \u0111\u1ecf nh\u01b0 m\u00e0u g\u1ea1ch t\u00f4m d\u00f9ng \u0111\u1ec3 n\u1ea5u c\u00e1c m\u00f3n cary, b\u00f2 kho, b\u00fan b\u00f2 hu\u1ebf, b\u00fan ri\u00eau cua, b\u00fan l\u1ea1c x\u00e1 hay quay c\u00e1c lo\u1ea1i\u2026","rel":"","context":"V\u1edbi 2 b\u00ecnh lu\u1eadn","block_context":{"text":"V\u1edbi 2 b\u00ecnh lu\u1eadn","link":"https:\/\/nongsantuanlinh.com\/?product=bot-dieu-do#comments"},"img":{"alt_text":"","src":"https:\/\/i0.wp.com\/nongsantuanlinh.com\/wp-content\/uploads\/2022\/11\/NLS_2237.png?fit=1200%2C1200&ssl=1&resize=350%2C200","width":350,"height":200,"srcset":"https:\/\/i0.wp.com\/nongsantuanlinh.com\/wp-content\/uploads\/2022\/11\/NLS_2237.png?fit=1200%2C1200&ssl=1&resize=350%2C200 1x, https:\/\/i0.wp.com\/nongsantuanlinh.com\/wp-content\/uploads\/2022\/11\/NLS_2237.png?fit=1200%2C1200&ssl=1&resize=525%2C300 1.5x, https:\/\/i0.wp.com\/nongsantuanlinh.com\/wp-content\/uploads\/2022\/11\/NLS_2237.png?fit=1200%2C1200&ssl=1&resize=700%2C400 2x, https:\/\/i0.wp.com\/nongsantuanlinh.com\/wp-content\/uploads\/2022\/11\/NLS_2237.png?fit=1200%2C1200&ssl=1&resize=1050%2C600 3x"},"classes":[]},{"id":76,"url":"https:\/\/nongsantuanlinh.com\/?product=cras-mauris","url_meta":{"origin":83,"position":4},"title":"B\u1ed9t H\u00e0nh","author":"nongsantuanlinh","date":"07.06.2013","format":false,"excerpt":"B\u1ed9t H\u00e0nh \u0111\u01b0\u1ee3c \u0111\u00f3ng g\u00f3i t\u1eebng t\u00fai 500g ; 1kg ho\u1eb7c \u0111\u00f3ng g\u00f3i theo y\u00eau c\u1ea7u c\u1ee7a kh\u00e1ch h\u00e0ng.","rel":"","context":"V\u1edbi 1 b\u00ecnh lu\u1eadn","block_context":{"text":"V\u1edbi 1 b\u00ecnh lu\u1eadn","link":"https:\/\/nongsantuanlinh.com\/?product=cras-mauris#comments"},"img":{"alt_text":"","src":"https:\/\/i0.wp.com\/nongsantuanlinh.com\/wp-content\/uploads\/2013\/06\/bot-hanh-1111.png?fit=1200%2C1200&ssl=1&resize=350%2C200","width":350,"height":200,"srcset":"https:\/\/i0.wp.com\/nongsantuanlinh.com\/wp-content\/uploads\/2013\/06\/bot-hanh-1111.png?fit=1200%2C1200&ssl=1&resize=350%2C200 1x, https:\/\/i0.wp.com\/nongsantuanlinh.com\/wp-content\/uploads\/2013\/06\/bot-hanh-1111.png?fit=1200%2C1200&ssl=1&resize=525%2C300 1.5x, https:\/\/i0.wp.com\/nongsantuanlinh.com\/wp-content\/uploads\/2013\/06\/bot-hanh-1111.png?fit=1200%2C1200&ssl=1&resize=700%2C400 2x, https:\/\/i0.wp.com\/nongsantuanlinh.com\/wp-content\/uploads\/2013\/06\/bot-hanh-1111.png?fit=1200%2C1200&ssl=1&resize=1050%2C600 3x"},"classes":[]},{"id":90,"url":"https:\/\/nongsantuanlinh.com\/?product=nullam-imperdiet","url_meta":{"origin":83,"position":5},"title":"B\u1ed9t T\u1ecfi","author":"nongsantuanlinh","date":"07.06.2013","format":false,"excerpt":"B\u1ed9t t\u1ecfi \u0111\u01b0\u1ee3c \u0111\u00f3ng g\u00f3i t\u1eebng t\u00fai 500g ; 1kg ho\u1eb7c \u0111\u00f3ng g\u00f3i theo y\u00eau c\u1ea7u c\u1ee7a kh\u00e1ch h\u00e0ng.","rel":"","context":"V\u1edbi 1 b\u00ecnh lu\u1eadn","block_context":{"text":"V\u1edbi 1 b\u00ecnh lu\u1eadn","link":"https:\/\/nongsantuanlinh.com\/?product=nullam-imperdiet#comments"},"img":{"alt_text":"","src":"https:\/\/i0.wp.com\/nongsantuanlinh.com\/wp-content\/uploads\/2013\/06\/bot-toi-1.jpg?fit=300%2C300&ssl=1&resize=350%2C200","width":350,"height":200},"classes":[]}],"jetpack_sharing_enabled":true,"_links":{"self":[{"href":"https:\/\/nongsantuanlinh.com\/index.php?rest_route=\/wp\/v2\/product\/83","targetHints":{"allow":["GET"]}}],"collection":[{"href":"https:\/\/nongsantuanlinh.com\/index.php?rest_route=\/wp\/v2\/product"}],"about":[{"href":"https:\/\/nongsantuanlinh.com\/index.php?rest_route=\/wp\/v2\/types\/product"}],"replies":[{"embeddable":true,"href":"https:\/\/nongsantuanlinh.com\/index.php?rest_route=%2Fwp%2Fv2%2Fcomments&post=83"}],"version-history":[{"count":3,"href":"https:\/\/nongsantuanlinh.com\/index.php?rest_route=\/wp\/v2\/product\/83\/revisions"}],"predecessor-version":[{"id":303,"href":"https:\/\/nongsantuanlinh.com\/index.php?rest_route=\/wp\/v2\/product\/83\/revisions\/303"}],"wp:featuredmedia":[{"embeddable":true,"href":"https:\/\/nongsantuanlinh.com\/index.php?rest_route=\/wp\/v2\/media\/206"}],"wp:attachment":[{"href":"https:\/\/nongsantuanlinh.com\/index.php?rest_route=%2Fwp%2Fv2%2Fmedia&parent=83"}],"wp:term":[{"taxonomy":"product_brand","embeddable":true,"href":"https:\/\/nongsantuanlinh.com\/index.php?rest_route=%2Fwp%2Fv2%2Fproduct_brand&post=83"},{"taxonomy":"product_cat","embeddable":true,"href":"https:\/\/nongsantuanlinh.com\/index.php?rest_route=%2Fwp%2Fv2%2Fproduct_cat&post=83"},{"taxonomy":"product_tag","embeddable":true,"href":"https:\/\/nongsantuanlinh.com\/index.php?rest_route=%2Fwp%2Fv2%2Fproduct_tag&post=83"}],"curies":[{"name":"wp","href":"https:\/\/api.w.org\/{rel}","templated":true}]}}