{"id":79,"date":"2013-06-07T11:29:44","date_gmt":"2013-06-07T11:29:44","guid":{"rendered":"http:\/\/demo.woothemes.com\/woocommerce\/?post_type=product&#038;p=79"},"modified":"2026-03-04T12:57:08","modified_gmt":"2026-03-04T12:57:08","slug":"nullam-euismod","status":"publish","type":"product","link":"https:\/\/nongsantuanlinh.com\/?product=nullam-euismod","title":{"rendered":"H\u1ea1t ti\u00eau \u0111en"},"content":{"rendered":"<p>V\u1edbi d\u00e2y chuy\u1ec1n s\u1ea3n xu\u1ea5t s\u1ea5y kh\u00f4 hi\u1ec7n t\u1ea1i, c\u00f4ng ty ch\u00fang t\u00f4i mang \u0111\u1ebfn cho kh\u00e1ch h\u00e0ng nh\u1eefng s\u1ea3n ph\u1ea9m s\u1ea1ch, ch\u1ea5t l\u01b0\u1ee3ng, an to\u00e0n v\u00e0 h\u1ee3p v\u1ec7 sinh.<\/p>\n","protected":false},"excerpt":{"rendered":"<p>Ti\u00eau h\u1ea1t s\u01a1 ch\u1ebf s\u1ea1ch v\u00e0 ch\u1ecdn nh\u1eefng h\u1ea1t to \u0111\u1ed3ng nh\u1ea5t, kh\u00f4ng b\u1ecb s\u00e2u b\u1ec7nh.<\/p>\n<p>Ph\u01a1i kh\u00f4 t\u1ef1 nhi\u00ean v\u00e0 s\u1ea5y l\u1ea1i b\u1eb1ng h\u1ec7 th\u1ed1ng m\u00e1y s\u1ea5y c\u00f4ng nghi\u1ec7p hi\u1ec7n \u0111\u1ea1i.<\/p>\n<p>Quy c\u00e1ch \u0111\u00f3ng g\u00f3i : 20 kg- 30 kg &#8211; 40 kg &#8211; 50 kg \/bao v\u00e0 \u0111\u00f3ng g\u00f3i theo nhu c\u1ea7u c\u1ee7a kh\u00e1ch h\u00e0ng.<\/p>\n","protected":false},"featured_media":447,"comment_status":"open","ping_status":"closed","template":"","meta":[],"product_brand":[],"product_cat":[18],"product_tag":[17,19],"class_list":{"0":"post-79","1":"product","2":"type-product","3":"status-publish","4":"has-post-thumbnail","6":"product_cat-gia-vi","7":"product_tag-bot-chien","8":"product_tag-gia-vi","10":"first","11":"instock","12":"shipping-taxable","13":"purchasable","14":"product-type-simple"},"jetpack-related-posts":[{"id":424,"url":"https:\/\/nongsantuanlinh.com\/?product=hat-tieu-xay","url_meta":{"origin":79,"position":0},"title":"H\u1ea1t ti\u00eau xay","author":"nongsantuanlinh","date":"23.11.2022","format":false,"excerpt":"H\u1ea1t ti\u00eau xay \u0111\u01b0\u1ee3c ch\u1ecdn nh\u1eefng h\u1ea1t ti\u00eau \u0111\u00e3 \u0111\u01b0\u1ee3c s\u1ea5y kh\u00f4 s\u1ea1ch , kh\u00f4ng b\u1ecb s\u00e2y b\u1ec7nh. Sau \u0111\u00f3 nghi\u1ec1n h\u1ea1t ti\u00eau b\u1eb1ng m\u00e1y nghi\u1ec1n c\u00f4ng nghi\u1ec7p hi\u1ec7n \u0111\u1ea1i. Size k\u00edch c\u1ee1 nghi\u1ec1n \u0111\u00e1p \u1ee9ng theo y\u00eau c\u1ea7u kh\u00e1ch h\u00e0ng. Quy c\u00e1ch \u0111\u00f3ng g\u00f3i : 20 kg- 30 kg\u2026","rel":"","context":"B\u00e0i t\u01b0\u01a1ng t\u1ef1","block_context":{"text":"B\u00e0i t\u01b0\u01a1ng t\u1ef1","link":""},"img":{"alt_text":"","src":"https:\/\/i0.wp.com\/nongsantuanlinh.com\/wp-content\/uploads\/2022\/11\/tieu-xay.png?fit=1200%2C1200&ssl=1&resize=350%2C200","width":350,"height":200,"srcset":"https:\/\/i0.wp.com\/nongsantuanlinh.com\/wp-content\/uploads\/2022\/11\/tieu-xay.png?fit=1200%2C1200&ssl=1&resize=350%2C200 1x, https:\/\/i0.wp.com\/nongsantuanlinh.com\/wp-content\/uploads\/2022\/11\/tieu-xay.png?fit=1200%2C1200&ssl=1&resize=525%2C300 1.5x, https:\/\/i0.wp.com\/nongsantuanlinh.com\/wp-content\/uploads\/2022\/11\/tieu-xay.png?fit=1200%2C1200&ssl=1&resize=700%2C400 2x, https:\/\/i0.wp.com\/nongsantuanlinh.com\/wp-content\/uploads\/2022\/11\/tieu-xay.png?fit=1200%2C1200&ssl=1&resize=1050%2C600 3x"},"classes":[]},{"id":73,"url":"https:\/\/nongsantuanlinh.com\/?product=aliquam-fermentum","url_meta":{"origin":79,"position":1},"title":"H\u1ea1t Ti\u00eau S\u1ecd","author":"nongsantuanlinh","date":"07.06.2013","format":false,"excerpt":"Ti\u00eau h\u1ea1t s\u01a1 ch\u1ebf s\u1ea1ch v\u00e0 ch\u1ecdn nh\u1eefng h\u1ea1t ch\u00edn to \u0111\u1ed3ng nh\u1ea5t, kh\u00f4ng b\u1ecb s\u00e2u b\u1ec7nh. Ph\u01a1i kh\u00f4 t\u1ef1 nhi\u00ean v\u00e0 s\u1ea5y l\u1ea1i b\u1eb1ng h\u1ec7 th\u1ed1ng m\u00e1y s\u1ea5y c\u00f4ng nghi\u1ec7p hi\u1ec7n \u0111\u1ea1i. Quy c\u00e1ch \u0111\u00f3ng g\u00f3i : 20 kg- 30 kg \u2013 40 kg \u2013 50 kg \/bao v\u00e0\u2026","rel":"","context":"V\u1edbi 2 b\u00ecnh lu\u1eadn","block_context":{"text":"V\u1edbi 2 b\u00ecnh lu\u1eadn","link":"https:\/\/nongsantuanlinh.com\/?product=aliquam-fermentum#comments"},"img":{"alt_text":"","src":"https:\/\/i0.wp.com\/nongsantuanlinh.com\/wp-content\/uploads\/2013\/06\/hat-tieu-so-11.png?fit=1200%2C1200&ssl=1&resize=350%2C200","width":350,"height":200,"srcset":"https:\/\/i0.wp.com\/nongsantuanlinh.com\/wp-content\/uploads\/2013\/06\/hat-tieu-so-11.png?fit=1200%2C1200&ssl=1&resize=350%2C200 1x, https:\/\/i0.wp.com\/nongsantuanlinh.com\/wp-content\/uploads\/2013\/06\/hat-tieu-so-11.png?fit=1200%2C1200&ssl=1&resize=525%2C300 1.5x, https:\/\/i0.wp.com\/nongsantuanlinh.com\/wp-content\/uploads\/2013\/06\/hat-tieu-so-11.png?fit=1200%2C1200&ssl=1&resize=700%2C400 2x, https:\/\/i0.wp.com\/nongsantuanlinh.com\/wp-content\/uploads\/2013\/06\/hat-tieu-so-11.png?fit=1200%2C1200&ssl=1&resize=1050%2C600 3x"},"classes":[]},{"id":93,"url":"https:\/\/nongsantuanlinh.com\/?product=aliquam-tempus","url_meta":{"origin":79,"position":2},"title":"\u1edat S\u1ea5y Kh\u00f4","author":"nongsantuanlinh","date":"07.06.2013","format":false,"excerpt":"Qu\u1ea3 \u1edbt \u0111\u01b0\u1ee3c ch\u1ecdn nh\u1eefng qu\u1ea3 to, \u0111\u1ed3ng \u0111\u1ec1u v\u1ec1 k\u00edch c\u1ee1. Sau \u0111\u00f3 s\u1ebd \u0111\u01b0\u1ee3c \u0111\u00f3ng g\u00f3i t\u1eebng t\u00fai 1kg ho\u1eb7c \u0111\u00f3ng bao 30 kg; 40 kg; 50 kg v\u00e0 \u0111\u00f3ng theo y\u00eau c\u1ea7u c\u1ee7a kh\u00e1ch h\u00e0ng.","rel":"","context":"B\u00e0i t\u01b0\u01a1ng t\u1ef1","block_context":{"text":"B\u00e0i t\u01b0\u01a1ng t\u1ef1","link":""},"img":{"alt_text":"","src":"https:\/\/i0.wp.com\/nongsantuanlinh.com\/wp-content\/uploads\/2013\/06\/ot-say-kho.jpg?fit=300%2C300&ssl=1&resize=350%2C200","width":350,"height":200},"classes":[]},{"id":326,"url":"https:\/\/nongsantuanlinh.com\/?product=hanh-thai-lat-say-kho","url_meta":{"origin":79,"position":3},"title":"H\u00e0nh Th\u00e1i L\u00e1t S\u1ea5y Kh\u00f4","author":"nongsantuanlinh","date":"05.11.2022","format":false,"excerpt":"H\u00e0nh Th\u00e1i L\u00e1t S\u1ea5y Kh\u00f4 \u0111\u01b0\u1ee3c \u0111\u00f3ng bao 30 kg ; 40 kg ho\u1eb7c \u0111\u00f3ng g\u00f3i theo y\u00eau c\u1ea7u c\u1ee7a kh\u00e1ch h\u00e0ng. Gi\u00e1 h\u00e0nh s\u1ea5y kh\u00f4 th\u01b0\u1eddng xuy\u00ean bi\u1ebfn \u0111\u1ed9ng theo, theo ngu\u1ed3n nguy\u00ean li\u1ec7u v\u00e0 theo s\u1ed1 l\u01b0\u1ee3ng kh\u00e1ch \u0111\u1eb7t mua.V\u00ec v\u1eady \u0111\u1ec3 c\u00f3 \u0111\u01b0\u1ee3c s\u1ea3n ph\u1ea9m ch\u1ea5t l\u01b0\u1ee3ng\u2026","rel":"","context":"B\u00e0i t\u01b0\u01a1ng t\u1ef1","block_context":{"text":"B\u00e0i t\u01b0\u01a1ng t\u1ef1","link":""},"img":{"alt_text":"","src":"https:\/\/i0.wp.com\/nongsantuanlinh.com\/wp-content\/uploads\/2022\/11\/hanh-thai-lat-2222.png?fit=1200%2C1200&ssl=1&resize=350%2C200","width":350,"height":200,"srcset":"https:\/\/i0.wp.com\/nongsantuanlinh.com\/wp-content\/uploads\/2022\/11\/hanh-thai-lat-2222.png?fit=1200%2C1200&ssl=1&resize=350%2C200 1x, https:\/\/i0.wp.com\/nongsantuanlinh.com\/wp-content\/uploads\/2022\/11\/hanh-thai-lat-2222.png?fit=1200%2C1200&ssl=1&resize=525%2C300 1.5x, https:\/\/i0.wp.com\/nongsantuanlinh.com\/wp-content\/uploads\/2022\/11\/hanh-thai-lat-2222.png?fit=1200%2C1200&ssl=1&resize=700%2C400 2x, https:\/\/i0.wp.com\/nongsantuanlinh.com\/wp-content\/uploads\/2022\/11\/hanh-thai-lat-2222.png?fit=1200%2C1200&ssl=1&resize=1050%2C600 3x"},"classes":[]},{"id":83,"url":"https:\/\/nongsantuanlinh.com\/?product=vestibulum-quis","url_meta":{"origin":79,"position":4},"title":"B\u1ed9t G\u1eebng","author":"nongsantuanlinh","date":"07.06.2013","format":false,"excerpt":"B\u1ed9t G\u1eebng \u0111\u01b0\u1ee3c s\u1eed d\u1ee5ng l\u00e0m nguy\u00ean li\u1ec7u s\u1ea3n xu\u1ea5t th\u1ef1c ,l\u00e0m gia v\u1ecb. \u0110\u00f3ng g\u00f3i 20kg\/bao; 30kg\/bao v\u00e0 \u0111\u00f3ng g\u00f3i theo y\u00eau c\u1ea7u c\u1ee7a kh\u00e1ch h\u00e0ng.","rel":"","context":"B\u00e0i t\u01b0\u01a1ng t\u1ef1","block_context":{"text":"B\u00e0i t\u01b0\u01a1ng t\u1ef1","link":""},"img":{"alt_text":"","src":"https:\/\/i0.wp.com\/nongsantuanlinh.com\/wp-content\/uploads\/2013\/06\/bot-gung-1.jpg?fit=500%2C500&ssl=1&resize=350%2C200","width":350,"height":200},"classes":[]},{"id":432,"url":"https:\/\/nongsantuanlinh.com\/?product=bot-dieu-do","url_meta":{"origin":79,"position":5},"title":"B\u1ed9t \u0110i\u1ec1u \u0110\u1ecf","author":"nongsantuanlinh","date":"23.11.2022","format":false,"excerpt":"B\u1ed9t \u0111i\u1ec1u \u0111\u1ecf d\u00f9ng \u0111\u1ec3 th\u1eafng v\u1edbi d\u1ea7u \u0103n ho\u1eb7c m\u1ee1. \u0110\u1ec3 l\u1eeda riu riu th\u1eafng trong v\u00f2ng 5 ph\u00fat th\u00ec cho ra m\u00e0u \u0111\u1ecf nh\u01b0 m\u00e0u g\u1ea1ch t\u00f4m d\u00f9ng \u0111\u1ec3 n\u1ea5u c\u00e1c m\u00f3n cary, b\u00f2 kho, b\u00fan b\u00f2 hu\u1ebf, b\u00fan ri\u00eau cua, b\u00fan l\u1ea1c x\u00e1 hay quay c\u00e1c lo\u1ea1i\u2026","rel":"","context":"V\u1edbi 2 b\u00ecnh lu\u1eadn","block_context":{"text":"V\u1edbi 2 b\u00ecnh lu\u1eadn","link":"https:\/\/nongsantuanlinh.com\/?product=bot-dieu-do#comments"},"img":{"alt_text":"","src":"https:\/\/i0.wp.com\/nongsantuanlinh.com\/wp-content\/uploads\/2022\/11\/NLS_2237.png?fit=1200%2C1200&ssl=1&resize=350%2C200","width":350,"height":200,"srcset":"https:\/\/i0.wp.com\/nongsantuanlinh.com\/wp-content\/uploads\/2022\/11\/NLS_2237.png?fit=1200%2C1200&ssl=1&resize=350%2C200 1x, https:\/\/i0.wp.com\/nongsantuanlinh.com\/wp-content\/uploads\/2022\/11\/NLS_2237.png?fit=1200%2C1200&ssl=1&resize=525%2C300 1.5x, https:\/\/i0.wp.com\/nongsantuanlinh.com\/wp-content\/uploads\/2022\/11\/NLS_2237.png?fit=1200%2C1200&ssl=1&resize=700%2C400 2x, https:\/\/i0.wp.com\/nongsantuanlinh.com\/wp-content\/uploads\/2022\/11\/NLS_2237.png?fit=1200%2C1200&ssl=1&resize=1050%2C600 3x"},"classes":[]}],"jetpack_sharing_enabled":true,"_links":{"self":[{"href":"https:\/\/nongsantuanlinh.com\/index.php?rest_route=\/wp\/v2\/product\/79","targetHints":{"allow":["GET"]}}],"collection":[{"href":"https:\/\/nongsantuanlinh.com\/index.php?rest_route=\/wp\/v2\/product"}],"about":[{"href":"https:\/\/nongsantuanlinh.com\/index.php?rest_route=\/wp\/v2\/types\/product"}],"replies":[{"embeddable":true,"href":"https:\/\/nongsantuanlinh.com\/index.php?rest_route=%2Fwp%2Fv2%2Fcomments&post=79"}],"version-history":[{"count":5,"href":"https:\/\/nongsantuanlinh.com\/index.php?rest_route=\/wp\/v2\/product\/79\/revisions"}],"predecessor-version":[{"id":291,"href":"https:\/\/nongsantuanlinh.com\/index.php?rest_route=\/wp\/v2\/product\/79\/revisions\/291"}],"wp:featuredmedia":[{"embeddable":true,"href":"https:\/\/nongsantuanlinh.com\/index.php?rest_route=\/wp\/v2\/media\/447"}],"wp:attachment":[{"href":"https:\/\/nongsantuanlinh.com\/index.php?rest_route=%2Fwp%2Fv2%2Fmedia&parent=79"}],"wp:term":[{"taxonomy":"product_brand","embeddable":true,"href":"https:\/\/nongsantuanlinh.com\/index.php?rest_route=%2Fwp%2Fv2%2Fproduct_brand&post=79"},{"taxonomy":"product_cat","embeddable":true,"href":"https:\/\/nongsantuanlinh.com\/index.php?rest_route=%2Fwp%2Fv2%2Fproduct_cat&post=79"},{"taxonomy":"product_tag","embeddable":true,"href":"https:\/\/nongsantuanlinh.com\/index.php?rest_route=%2Fwp%2Fv2%2Fproduct_tag&post=79"}],"curies":[{"name":"wp","href":"https:\/\/api.w.org\/{rel}","templated":true}]}}