{"id":504,"date":"2024-10-11T08:44:16","date_gmt":"2024-10-11T08:44:16","guid":{"rendered":"https:\/\/nongsantuanlinh.com\/?post_type=product&#038;p=504"},"modified":"2026-03-04T12:56:30","modified_gmt":"2026-03-04T12:56:30","slug":"bot-chien-xu-mau-sofuto-panko","status":"publish","type":"product","link":"https:\/\/nongsantuanlinh.com\/?product=bot-chien-xu-mau-sofuto-panko","title":{"rendered":"B\u1ed9t chi\u00ean x\u00f9 M\u00e0u  Sofuto Panko"},"content":{"rendered":"<p>B\u1ed9t chi\u00ean x\u00f9 M\u00e0u Sofuto Panko c\u00f3 d\u1ea1ng c\u00e1nh m\u1ea3nh nh\u1ecf, c\u00f3 3 lo\u1ea1i m\u00e0u x\u00f9 \u0111\u01b0\u1ee3c tr\u1ed9n v\u00e0o nhau\u00a0 , h\u00e0m l\u01b0\u1ee3ng n\u01b0\u1edbc trong b\u1ed9t r\u1ea5t \u00edt ch\u1ec9 chi\u1ebfm 8%. V\u00ec v\u1eady, sau khi chi\u00ean s\u1ea3n ph\u1ea9m v\u1edbi b\u1ed9t chi\u00ean x\u00f9 th\u00ec nh\u00ecn b\u1eaft m\u1eaft, c\u00f3 \u0111\u1ed9 x\u1ed1p, ph\u1ed3ng v\u00e0 gi\u00f2n h\u01a1n.<\/p>\n<p>T\u00f9y theo nhu c\u1ea7u kh\u00e1ch h\u00e0ng v\u1ec1 d\u1ea1ng c\u00e1nh x\u00f9, m\u00e0u s\u1eafc b\u1ed9t chi\u00ean x\u00f9 th\u00ec c\u00f4ng ty ch\u00fang t\u00f4i c\u00f3 th\u1ec3 \u0111\u00e1p \u1ee9ng \u0111\u01b0\u1ee3c theo nhu c\u1ea7u c\u1ee7a qu\u00fd kh\u00e1ch.<\/p>\n<p>B\u1ed9t chi\u00ean x\u00f9 M\u00e0u Sofuto Panko c\u00f3 th\u00eam lo\u1ea1i t\u00fai 100 g \u0111\u00f3ng v\u00e0o th\u00f9ng 8kg ( 8 x\u00e1ch, m\u1ed7i x\u00e1ch 10 g\u00f3i 100g ).<\/p>\n","protected":false},"excerpt":{"rendered":"<p>B\u1ed9t chi\u00ean x\u00f9 M\u00e0u Sofuto Panko \u0111\u01b0\u1ee3c s\u1ea3n xu\u1ea5t theo c\u00f4ng ngh\u1ec7 nh\u1eadt b\u1ea3n, 100% s\u1eed d\u1ee5ng b\u1ed9t m\u1ef3 ch\u1ea5t l\u01b0\u1ee3ng cao. S\u1ea3n ph\u1ea9m sau khi chi\u00ean c\u00f3 m\u00f9i v\u1ecb th\u01a1m ngon, c\u00f3 \u0111\u1ed9 gi\u00f2n, \u0111\u1eb7c bi\u1ec7t l\u00e0 s\u1ea3n ph\u1ea9m r\u1ea5t l\u00e0 r\u00f3c d\u1ea7u.<\/p>\n","protected":false},"featured_media":497,"comment_status":"open","ping_status":"closed","template":"","meta":[],"product_brand":[],"product_cat":[13],"product_tag":[15],"class_list":{"0":"post-504","1":"product","2":"type-product","3":"status-publish","4":"has-post-thumbnail","6":"product_cat-bot-chien","7":"product_tag-bot-chien-xu-sofuto-panko","9":"first","10":"instock","11":"downloadable","12":"shipping-taxable","13":"purchasable","14":"product-type-simple"},"jetpack-related-posts":[{"id":235,"url":"https:\/\/nongsantuanlinh.com\/?product=san-pham-moi","url_meta":{"origin":504,"position":0},"title":"B\u1ed9t chi\u00ean x\u00f9 V\u00e0ng  Sofuto Panko","author":"nongsantuanlinh","date":"02.11.2022","format":false,"excerpt":"B\u1ed9t chi\u00ean x\u00f9 V\u00e0ng Sofuto Panko \u0111\u01b0\u1ee3c s\u1ea3n xu\u1ea5t theo c\u00f4ng ngh\u1ec7 nh\u1eadt b\u1ea3n, 100% s\u1eed d\u1ee5ng b\u1ed9t m\u1ef3 ch\u1ea5t l\u01b0\u1ee3ng cao. S\u1ea3n ph\u1ea9m sau khi chi\u00ean c\u00f3 m\u00f9i v\u1ecb th\u01a1m ngon, c\u00f3 \u0111\u1ed9 gi\u00f2n, \u0111\u1eb7c bi\u1ec7t l\u00e0 s\u1ea3n ph\u1ea9m r\u1ea5t l\u00e0 r\u00f3c d\u1ea7u.","rel":"","context":"B\u00e0i t\u01b0\u01a1ng t\u1ef1","block_context":{"text":"B\u00e0i t\u01b0\u01a1ng t\u1ef1","link":""},"img":{"alt_text":"","src":"https:\/\/i0.wp.com\/nongsantuanlinh.com\/wp-content\/uploads\/2022\/11\/NLS_2249.png?fit=1200%2C1200&ssl=1&resize=350%2C200","width":350,"height":200,"srcset":"https:\/\/i0.wp.com\/nongsantuanlinh.com\/wp-content\/uploads\/2022\/11\/NLS_2249.png?fit=1200%2C1200&ssl=1&resize=350%2C200 1x, https:\/\/i0.wp.com\/nongsantuanlinh.com\/wp-content\/uploads\/2022\/11\/NLS_2249.png?fit=1200%2C1200&ssl=1&resize=525%2C300 1.5x, https:\/\/i0.wp.com\/nongsantuanlinh.com\/wp-content\/uploads\/2022\/11\/NLS_2249.png?fit=1200%2C1200&ssl=1&resize=700%2C400 2x, https:\/\/i0.wp.com\/nongsantuanlinh.com\/wp-content\/uploads\/2022\/11\/NLS_2249.png?fit=1200%2C1200&ssl=1&resize=1050%2C600 3x"},"classes":[]},{"id":279,"url":"https:\/\/nongsantuanlinh.com\/?product=bot-chien-xu-mau","url_meta":{"origin":504,"position":1},"title":"B\u1ed9t Chi\u00ean X\u00f9 3 M\u00e0u","author":"nongsantuanlinh","date":"03.11.2022","format":false,"excerpt":"B\u1ed9t chi\u00ean x\u00f9 m\u00e0u \u0111\u01b0\u1ee3c s\u1ea3n xu\u1ea5t theo c\u00f4ng ngh\u1ec7 nh\u1eadt b\u1ea3n, \u0111\u01b0\u1ee3c l\u00e0m t\u1eeb c\u00e1c nguy\u00ean li\u1ec7u b\u1ed9t m\u1ef3, b\u1ed9t g\u1ea1o, b\u1ed9t b\u1eafp. S\u1ea3n ph\u1ea9m sau khi chi\u00ean c\u00f3 \u0111\u1ed9 gi\u00f2n v\u00e0 v\u1ecb ngon.","rel":"","context":"V\u1edbi 2 b\u00ecnh lu\u1eadn","block_context":{"text":"V\u1edbi 2 b\u00ecnh lu\u1eadn","link":"https:\/\/nongsantuanlinh.com\/?product=bot-chien-xu-mau#comments"},"img":{"alt_text":"","src":"https:\/\/i0.wp.com\/nongsantuanlinh.com\/wp-content\/uploads\/2022\/11\/z3846220339893_5f1ab27d3f16d8b5e498f9b922967e4c-rotated.jpg?fit=900%2C1200&ssl=1&resize=350%2C200","width":350,"height":200,"srcset":"https:\/\/i0.wp.com\/nongsantuanlinh.com\/wp-content\/uploads\/2022\/11\/z3846220339893_5f1ab27d3f16d8b5e498f9b922967e4c-rotated.jpg?fit=900%2C1200&ssl=1&resize=350%2C200 1x, https:\/\/i0.wp.com\/nongsantuanlinh.com\/wp-content\/uploads\/2022\/11\/z3846220339893_5f1ab27d3f16d8b5e498f9b922967e4c-rotated.jpg?fit=900%2C1200&ssl=1&resize=525%2C300 1.5x, https:\/\/i0.wp.com\/nongsantuanlinh.com\/wp-content\/uploads\/2022\/11\/z3846220339893_5f1ab27d3f16d8b5e498f9b922967e4c-rotated.jpg?fit=900%2C1200&ssl=1&resize=700%2C400 2x"},"classes":[]},{"id":371,"url":"https:\/\/nongsantuanlinh.com\/?product=bot-chien-xu-mau-xanh","url_meta":{"origin":504,"position":2},"title":"B\u1ed9t Chi\u00ean X\u00f9 M\u00e0u Xanh","author":"nongsantuanlinh","date":"21.11.2022","format":false,"excerpt":"B\u1ed9t chi\u00ean x\u00f9 m\u00e0u \u0111\u01b0\u1ee3c s\u1ea3n xu\u1ea5t theo c\u00f4ng ngh\u1ec7 nh\u1eadt b\u1ea3n, \u0111\u01b0\u1ee3c l\u00e0m t\u1eeb c\u00e1c nguy\u00ean li\u1ec7u b\u1ed9t m\u1ef3, b\u1ed9t g\u1ea1o, b\u1ed9t b\u1eafp. S\u1ea3n ph\u1ea9m sau khi chi\u00ean c\u00f3 \u0111\u1ed9 gi\u00f2n v\u00e0 v\u1ecb ngon.","rel":"","context":"B\u00e0i t\u01b0\u01a1ng t\u1ef1","block_context":{"text":"B\u00e0i t\u01b0\u01a1ng t\u1ef1","link":""},"img":{"alt_text":"","src":"https:\/\/i0.wp.com\/nongsantuanlinh.com\/wp-content\/uploads\/2022\/11\/z3898317782432_0bb437bc31776de629c8dcde4b8da6cd-1.jpg?fit=900%2C1200&ssl=1&resize=350%2C200","width":350,"height":200,"srcset":"https:\/\/i0.wp.com\/nongsantuanlinh.com\/wp-content\/uploads\/2022\/11\/z3898317782432_0bb437bc31776de629c8dcde4b8da6cd-1.jpg?fit=900%2C1200&ssl=1&resize=350%2C200 1x, https:\/\/i0.wp.com\/nongsantuanlinh.com\/wp-content\/uploads\/2022\/11\/z3898317782432_0bb437bc31776de629c8dcde4b8da6cd-1.jpg?fit=900%2C1200&ssl=1&resize=525%2C300 1.5x, https:\/\/i0.wp.com\/nongsantuanlinh.com\/wp-content\/uploads\/2022\/11\/z3898317782432_0bb437bc31776de629c8dcde4b8da6cd-1.jpg?fit=900%2C1200&ssl=1&resize=700%2C400 2x"},"classes":[]},{"id":275,"url":"https:\/\/nongsantuanlinh.com\/?product=bot-chien-xu-vang","url_meta":{"origin":504,"position":3},"title":"B\u1ed9t Chi\u00ean X\u00f9 V\u00e0ng","author":"nongsantuanlinh","date":"03.11.2022","format":false,"excerpt":"B\u1ed9t chi\u00ean x\u00f9 v\u00e0ng c\u00f3 th\u1ec3 \u0111\u00e1p \u1ee9ng \u0111\u01b0\u1ee3c c\u00e1c lo\u1ea1i c\u00e1nh c\u1ee1 nh\u1ecf, to , \u0111\u1ed9 s\u00e1ng c\u1ee7a m\u00e0u theo y\u00eau c\u1ea7u c\u1ee7a kh\u00e1ch h\u00e0ng. Quy c\u00e1ch \u0111\u00f3ng bao 20 kg ho\u1eb7c h\u1ed9p th\u00f9ng 10 kg \u0111\u00f3ng g\u00f3i 1kg ; h\u1ed9p th\u00f9ng 4 kg \u0111\u00f3ng g\u00f3i 150 g; c\u00f3\u2026","rel":"","context":"B\u00e0i t\u01b0\u01a1ng t\u1ef1","block_context":{"text":"B\u00e0i t\u01b0\u01a1ng t\u1ef1","link":""},"img":{"alt_text":"","src":"https:\/\/i0.wp.com\/nongsantuanlinh.com\/wp-content\/uploads\/2022\/11\/z3846220346198_902f806e2f7ee5b9b0c3c6c7181cb6f9-rotated.jpg?fit=900%2C1200&ssl=1&resize=350%2C200","width":350,"height":200,"srcset":"https:\/\/i0.wp.com\/nongsantuanlinh.com\/wp-content\/uploads\/2022\/11\/z3846220346198_902f806e2f7ee5b9b0c3c6c7181cb6f9-rotated.jpg?fit=900%2C1200&ssl=1&resize=350%2C200 1x, https:\/\/i0.wp.com\/nongsantuanlinh.com\/wp-content\/uploads\/2022\/11\/z3846220346198_902f806e2f7ee5b9b0c3c6c7181cb6f9-rotated.jpg?fit=900%2C1200&ssl=1&resize=525%2C300 1.5x, https:\/\/i0.wp.com\/nongsantuanlinh.com\/wp-content\/uploads\/2022\/11\/z3846220346198_902f806e2f7ee5b9b0c3c6c7181cb6f9-rotated.jpg?fit=900%2C1200&ssl=1&resize=700%2C400 2x"},"classes":[]},{"id":96,"url":"https:\/\/nongsantuanlinh.com\/?product=sed-fringilla-tempus","url_meta":{"origin":504,"position":4},"title":"B\u1ed9t Chi\u00ean X\u00f9 Tr\u1eafng","author":"nongsantuanlinh","date":"07.06.2013","format":false,"excerpt":"B\u1ed9t chi\u00ean x\u00f9 tr\u1eafng c\u00f3 th\u1ec3 \u0111\u00e1p \u1ee9ng \u0111\u01b0\u1ee3c c\u00e1c lo\u1ea1i c\u00e1nh c\u1ee1 nh\u1ecf, to theo y\u00eau c\u1ea7u c\u1ee7a kh\u00e1ch h\u00e0ng. Quy c\u00e1ch \u0111\u00f3ng bao 20 kg ho\u1eb7c h\u1ed9p th\u00f9ng 10 kg \u0111\u00f3ng g\u00f3i 1kg ; h\u1ed9p th\u00f9ng 4 kg \u0111\u00f3ng g\u00f3i 150 g; c\u00f3 th\u1ec3 \u0111\u00f3ng x\u00f9 r\u1eddi. Kh\u00e1ch\u2026","rel":"","context":"V\u1edbi 1 b\u00ecnh lu\u1eadn","block_context":{"text":"V\u1edbi 1 b\u00ecnh lu\u1eadn","link":"https:\/\/nongsantuanlinh.com\/?product=sed-fringilla-tempus#comments"},"img":{"alt_text":"","src":"https:\/\/i0.wp.com\/nongsantuanlinh.com\/wp-content\/uploads\/2022\/11\/NLS_2264.png?fit=1200%2C1200&ssl=1&resize=350%2C200","width":350,"height":200,"srcset":"https:\/\/i0.wp.com\/nongsantuanlinh.com\/wp-content\/uploads\/2022\/11\/NLS_2264.png?fit=1200%2C1200&ssl=1&resize=350%2C200 1x, https:\/\/i0.wp.com\/nongsantuanlinh.com\/wp-content\/uploads\/2022\/11\/NLS_2264.png?fit=1200%2C1200&ssl=1&resize=525%2C300 1.5x, https:\/\/i0.wp.com\/nongsantuanlinh.com\/wp-content\/uploads\/2022\/11\/NLS_2264.png?fit=1200%2C1200&ssl=1&resize=700%2C400 2x, https:\/\/i0.wp.com\/nongsantuanlinh.com\/wp-content\/uploads\/2022\/11\/NLS_2264.png?fit=1200%2C1200&ssl=1&resize=1050%2C600 3x"},"classes":[]},{"id":70,"url":"https:\/\/nongsantuanlinh.com\/?product=etiam-sit-amet","url_meta":{"origin":504,"position":5},"title":"B\u1ed9t Chi\u00ean Gi\u00f2n","author":"nongsantuanlinh","date":"07.06.2013","format":false,"excerpt":"Quy c\u00e1ch \u0111\u00f3ng th\u00f9ng 10 kg ( th\u00f9ng ch\u1ee9a 10 g\u00f3i \u0111\u00f3ng t\u00fai 1 kg ). Kh\u00e1ch h\u00e0ng l\u1ea5y l\u01b0\u1ee3ng l\u1edbn th\u00ec gi\u00e1 c\u00e0ng r\u1ebb, v\u1eadn chuy\u1ec3n mi\u1ec5n ph\u00ed.","rel":"","context":"V\u1edbi 4 b\u00ecnh lu\u1eadn","block_context":{"text":"V\u1edbi 4 b\u00ecnh lu\u1eadn","link":"https:\/\/nongsantuanlinh.com\/?product=etiam-sit-amet#comments"},"img":{"alt_text":"","src":"https:\/\/i0.wp.com\/nongsantuanlinh.com\/wp-content\/uploads\/2013\/06\/z3846220335689_b69565cfbb05ff76336430432d91d1ce.jpg?fit=900%2C1200&ssl=1&resize=350%2C200","width":350,"height":200,"srcset":"https:\/\/i0.wp.com\/nongsantuanlinh.com\/wp-content\/uploads\/2013\/06\/z3846220335689_b69565cfbb05ff76336430432d91d1ce.jpg?fit=900%2C1200&ssl=1&resize=350%2C200 1x, https:\/\/i0.wp.com\/nongsantuanlinh.com\/wp-content\/uploads\/2013\/06\/z3846220335689_b69565cfbb05ff76336430432d91d1ce.jpg?fit=900%2C1200&ssl=1&resize=525%2C300 1.5x, https:\/\/i0.wp.com\/nongsantuanlinh.com\/wp-content\/uploads\/2013\/06\/z3846220335689_b69565cfbb05ff76336430432d91d1ce.jpg?fit=900%2C1200&ssl=1&resize=700%2C400 2x"},"classes":[]}],"jetpack_sharing_enabled":true,"_links":{"self":[{"href":"https:\/\/nongsantuanlinh.com\/index.php?rest_route=\/wp\/v2\/product\/504","targetHints":{"allow":["GET"]}}],"collection":[{"href":"https:\/\/nongsantuanlinh.com\/index.php?rest_route=\/wp\/v2\/product"}],"about":[{"href":"https:\/\/nongsantuanlinh.com\/index.php?rest_route=\/wp\/v2\/types\/product"}],"replies":[{"embeddable":true,"href":"https:\/\/nongsantuanlinh.com\/index.php?rest_route=%2Fwp%2Fv2%2Fcomments&post=504"}],"version-history":[{"count":2,"href":"https:\/\/nongsantuanlinh.com\/index.php?rest_route=\/wp\/v2\/product\/504\/revisions"}],"predecessor-version":[{"id":507,"href":"https:\/\/nongsantuanlinh.com\/index.php?rest_route=\/wp\/v2\/product\/504\/revisions\/507"}],"wp:featuredmedia":[{"embeddable":true,"href":"https:\/\/nongsantuanlinh.com\/index.php?rest_route=\/wp\/v2\/media\/497"}],"wp:attachment":[{"href":"https:\/\/nongsantuanlinh.com\/index.php?rest_route=%2Fwp%2Fv2%2Fmedia&parent=504"}],"wp:term":[{"taxonomy":"product_brand","embeddable":true,"href":"https:\/\/nongsantuanlinh.com\/index.php?rest_route=%2Fwp%2Fv2%2Fproduct_brand&post=504"},{"taxonomy":"product_cat","embeddable":true,"href":"https:\/\/nongsantuanlinh.com\/index.php?rest_route=%2Fwp%2Fv2%2Fproduct_cat&post=504"},{"taxonomy":"product_tag","embeddable":true,"href":"https:\/\/nongsantuanlinh.com\/index.php?rest_route=%2Fwp%2Fv2%2Fproduct_tag&post=504"}],"curies":[{"name":"wp","href":"https:\/\/api.w.org\/{rel}","templated":true}]}}