{"id":432,"date":"2022-11-23T14:18:22","date_gmt":"2022-11-23T14:18:22","guid":{"rendered":"https:\/\/nongsantuanlinh.com\/?post_type=product&#038;p=432"},"modified":"2026-03-04T12:55:37","modified_gmt":"2026-03-04T12:55:37","slug":"bot-dieu-do","status":"publish","type":"product","link":"https:\/\/nongsantuanlinh.com\/?product=bot-dieu-do","title":{"rendered":"B\u1ed9t \u0110i\u1ec1u \u0110\u1ecf"},"content":{"rendered":"<h4 id=\"san-pham-bot-dieu-cua-chung-toi-duoc-lam-tu-100-hat-dieu-mau-say-kho-lam-sach-va-xay-thanh-bot-min-giu-lai-ham-luong-chat-dinh-duong-va-huong-vi-va-mau-sac-dac-trung-von-co-cua-hat-dieu-nguyen-chat\">S\u1ea3n ph\u1ea9m b\u1ed9t \u0111i\u1ec1u c\u1ee7a ch\u00fang t\u00f4i \u0111\u01b0\u1ee3c l\u00e0m t\u1eeb 100% h\u1ea1t \u0111i\u1ec1u m\u00e0u s\u1ea5y kh\u00f4, l\u00e0m s\u1ea1ch v\u00e0 xay th\u00e0nh b\u1ed9t m\u1ecbn, gi\u1eef l\u1ea1i h\u00e0m l\u01b0\u1ee3ng ch\u1ea5t dinh d\u01b0\u1ee1ng v\u00e0 h\u01b0\u01a1ng v\u1ecb v\u00e0 m\u00e0u s\u1eafc \u0111\u1eb7c tr\u01b0ng v\u1ed1n c\u00f3 c\u1ee7a h\u1ea1t \u0111i\u1ec1u nguy\u00ean ch\u1ea5t.<\/h4>\n","protected":false},"excerpt":{"rendered":"<p>B\u1ed9t \u0111i\u1ec1u \u0111\u1ecf d\u00f9ng \u0111\u1ec3 th\u1eafng v\u1edbi d\u1ea7u \u0103n ho\u1eb7c m\u1ee1. \u0110\u1ec3 l\u1eeda riu riu th\u1eafng trong v\u00f2ng 5 ph\u00fat th\u00ec cho ra m\u00e0u \u0111\u1ecf nh\u01b0 m\u00e0u g\u1ea1ch t\u00f4m d\u00f9ng \u0111\u1ec3 n\u1ea5u c\u00e1c m\u00f3n cary, b\u00f2 kho, b\u00fan b\u00f2 hu\u1ebf, b\u00fan ri\u00eau cua, b\u00fan l\u1ea1c x\u00e1 hay quay c\u00e1c lo\u1ea1i th\u1ecbt cho m\u00e0u \u0111\u1ecf th\u1eadt \u0111\u1eb9p, th\u01a1m ngon v\u00e0 h\u1ea5p d\u1eabn.<\/p>\n<p>B\u1ed9t \u0111i\u1ec1u \u0111\u01b0\u1ee3c \u0111\u00f3ng g\u00f3i 500g v\u00e0 \u0111\u01b0\u1ee3c \u0111\u00f3ng quy c\u00e1ch th\u00f9ng 10 kg ( ch\u1ee9a 20 g\u00f3i 500g ) v\u00e0 \u0111\u00f3ng theo nhu c\u1ea7u c\u1ee7a kh\u00e1ch h\u00e0ng.<\/p>\n","protected":false},"featured_media":482,"comment_status":"open","ping_status":"closed","template":"","meta":[],"product_brand":[],"product_cat":[18],"product_tag":[17,19],"class_list":{"0":"post-432","1":"product","2":"type-product","3":"status-publish","4":"has-post-thumbnail","6":"product_cat-gia-vi","7":"product_tag-bot-chien","8":"product_tag-gia-vi","10":"first","11":"instock","12":"downloadable","13":"shipping-taxable","14":"purchasable","15":"product-type-simple"},"jetpack-related-posts":[{"id":279,"url":"https:\/\/nongsantuanlinh.com\/?product=bot-chien-xu-mau","url_meta":{"origin":432,"position":0},"title":"B\u1ed9t Chi\u00ean X\u00f9 3 M\u00e0u","author":"nongsantuanlinh","date":"03.11.2022","format":false,"excerpt":"B\u1ed9t chi\u00ean x\u00f9 m\u00e0u \u0111\u01b0\u1ee3c s\u1ea3n xu\u1ea5t theo c\u00f4ng ngh\u1ec7 nh\u1eadt b\u1ea3n, \u0111\u01b0\u1ee3c l\u00e0m t\u1eeb c\u00e1c nguy\u00ean li\u1ec7u b\u1ed9t m\u1ef3, b\u1ed9t g\u1ea1o, b\u1ed9t b\u1eafp. S\u1ea3n ph\u1ea9m sau khi chi\u00ean c\u00f3 \u0111\u1ed9 gi\u00f2n v\u00e0 v\u1ecb ngon.","rel":"","context":"V\u1edbi 2 b\u00ecnh lu\u1eadn","block_context":{"text":"V\u1edbi 2 b\u00ecnh lu\u1eadn","link":"https:\/\/nongsantuanlinh.com\/?product=bot-chien-xu-mau#comments"},"img":{"alt_text":"","src":"https:\/\/i0.wp.com\/nongsantuanlinh.com\/wp-content\/uploads\/2022\/11\/z3846220339893_5f1ab27d3f16d8b5e498f9b922967e4c-rotated.jpg?fit=900%2C1200&ssl=1&resize=350%2C200","width":350,"height":200,"srcset":"https:\/\/i0.wp.com\/nongsantuanlinh.com\/wp-content\/uploads\/2022\/11\/z3846220339893_5f1ab27d3f16d8b5e498f9b922967e4c-rotated.jpg?fit=900%2C1200&ssl=1&resize=350%2C200 1x, https:\/\/i0.wp.com\/nongsantuanlinh.com\/wp-content\/uploads\/2022\/11\/z3846220339893_5f1ab27d3f16d8b5e498f9b922967e4c-rotated.jpg?fit=900%2C1200&ssl=1&resize=525%2C300 1.5x, https:\/\/i0.wp.com\/nongsantuanlinh.com\/wp-content\/uploads\/2022\/11\/z3846220339893_5f1ab27d3f16d8b5e498f9b922967e4c-rotated.jpg?fit=900%2C1200&ssl=1&resize=700%2C400 2x"},"classes":[]},{"id":371,"url":"https:\/\/nongsantuanlinh.com\/?product=bot-chien-xu-mau-xanh","url_meta":{"origin":432,"position":1},"title":"B\u1ed9t Chi\u00ean X\u00f9 M\u00e0u Xanh","author":"nongsantuanlinh","date":"21.11.2022","format":false,"excerpt":"B\u1ed9t chi\u00ean x\u00f9 m\u00e0u \u0111\u01b0\u1ee3c s\u1ea3n xu\u1ea5t theo c\u00f4ng ngh\u1ec7 nh\u1eadt b\u1ea3n, \u0111\u01b0\u1ee3c l\u00e0m t\u1eeb c\u00e1c nguy\u00ean li\u1ec7u b\u1ed9t m\u1ef3, b\u1ed9t g\u1ea1o, b\u1ed9t b\u1eafp. S\u1ea3n ph\u1ea9m sau khi chi\u00ean c\u00f3 \u0111\u1ed9 gi\u00f2n v\u00e0 v\u1ecb ngon.","rel":"","context":"B\u00e0i t\u01b0\u01a1ng t\u1ef1","block_context":{"text":"B\u00e0i t\u01b0\u01a1ng t\u1ef1","link":""},"img":{"alt_text":"","src":"https:\/\/i0.wp.com\/nongsantuanlinh.com\/wp-content\/uploads\/2022\/11\/z3898317782432_0bb437bc31776de629c8dcde4b8da6cd-1.jpg?fit=900%2C1200&ssl=1&resize=350%2C200","width":350,"height":200,"srcset":"https:\/\/i0.wp.com\/nongsantuanlinh.com\/wp-content\/uploads\/2022\/11\/z3898317782432_0bb437bc31776de629c8dcde4b8da6cd-1.jpg?fit=900%2C1200&ssl=1&resize=350%2C200 1x, https:\/\/i0.wp.com\/nongsantuanlinh.com\/wp-content\/uploads\/2022\/11\/z3898317782432_0bb437bc31776de629c8dcde4b8da6cd-1.jpg?fit=900%2C1200&ssl=1&resize=525%2C300 1.5x, https:\/\/i0.wp.com\/nongsantuanlinh.com\/wp-content\/uploads\/2022\/11\/z3898317782432_0bb437bc31776de629c8dcde4b8da6cd-1.jpg?fit=900%2C1200&ssl=1&resize=700%2C400 2x"},"classes":[]},{"id":87,"url":"https:\/\/nongsantuanlinh.com\/?product=cras-in-dictum","url_meta":{"origin":432,"position":2},"title":"B\u1ed9t \u1edat T\u1ea5m","author":"nongsantuanlinh","date":"07.06.2013","format":false,"excerpt":"B\u1ed9t \u1edbt \u0111\u01b0\u1ee3c ch\u1ecdn nh\u1eefng qu\u1ea3 \u1edbt t\u01b0\u01a1i lo\u1ea1i 1 ,kh\u00f4ng h\u00e9o \u00faa, kh\u00f4ng thu\u1ed1c b\u1ea3o v\u1ec7 th\u1ef1c v\u1eadt. Sau \u0111\u00f3 s\u01a1 ch\u1ebf r\u1eeda s\u1ea1ch - c\u1eaft l\u00e1t - s\u1ea5y kh\u00f4 v\u00e0 nghi\u1ec1n th\u00e0nh b\u1ed9t \u1edbt d\u1ea1ng t\u1ea5m b\u1eb1ng m\u00e1y c\u00f4ng nghi\u1ec7p hi\u1ec7n \u0111\u1ea1i. B\u1ed9t \u1edbt \u0111\u01b0\u1ee3c s\u1eed d\u1ee5ng l\u00e0m\u2026","rel":"","context":"V\u1edbi 1 b\u00ecnh lu\u1eadn","block_context":{"text":"V\u1edbi 1 b\u00ecnh lu\u1eadn","link":"https:\/\/nongsantuanlinh.com\/?product=cras-in-dictum#comments"},"img":{"alt_text":"","src":"https:\/\/i0.wp.com\/nongsantuanlinh.com\/wp-content\/uploads\/2022\/11\/NLS_2243.png?fit=1200%2C1200&ssl=1&resize=350%2C200","width":350,"height":200,"srcset":"https:\/\/i0.wp.com\/nongsantuanlinh.com\/wp-content\/uploads\/2022\/11\/NLS_2243.png?fit=1200%2C1200&ssl=1&resize=350%2C200 1x, https:\/\/i0.wp.com\/nongsantuanlinh.com\/wp-content\/uploads\/2022\/11\/NLS_2243.png?fit=1200%2C1200&ssl=1&resize=525%2C300 1.5x, https:\/\/i0.wp.com\/nongsantuanlinh.com\/wp-content\/uploads\/2022\/11\/NLS_2243.png?fit=1200%2C1200&ssl=1&resize=700%2C400 2x, https:\/\/i0.wp.com\/nongsantuanlinh.com\/wp-content\/uploads\/2022\/11\/NLS_2243.png?fit=1200%2C1200&ssl=1&resize=1050%2C600 3x"},"classes":[]},{"id":318,"url":"https:\/\/nongsantuanlinh.com\/?product=bot-ot-canh-loai-1","url_meta":{"origin":432,"position":3},"title":"B\u1ed9t \u1edat C\u00e1nh lo\u1ea1i 1","author":"nongsantuanlinh","date":"05.11.2022","format":false,"excerpt":"B\u1ed9t \u1edbt \u0111\u01b0\u1ee3c ch\u1ecdn nh\u1eefng qu\u1ea3 \u1edbt t\u01b0\u01a1i lo\u1ea1i 1 ,kh\u00f4ng h\u00e9o \u00faa, kh\u00f4ng thu\u1ed1c b\u1ea3o v\u1ec7 th\u1ef1c v\u1eadt. Sau \u0111\u00f3 s\u01a1 ch\u1ebf r\u1eeda s\u1ea1ch - c\u1eaft l\u00e1t - s\u1ea5y kh\u00f4 v\u00e0 nghi\u1ec1n th\u00e0nh b\u1ed9t \u1edbt d\u1ea1ng c\u00e1nh b\u1eb1ng m\u00e1y c\u00f4ng nghi\u1ec7p hi\u1ec7n \u0111\u1ea1i. B\u1ed9t \u1edbt \u0111\u01b0\u1ee3c s\u1eed d\u1ee5ng l\u00e0m\u2026","rel":"","context":"V\u1edbi 1 b\u00ecnh lu\u1eadn","block_context":{"text":"V\u1edbi 1 b\u00ecnh lu\u1eadn","link":"https:\/\/nongsantuanlinh.com\/?product=bot-ot-canh-loai-1#comments"},"img":{"alt_text":"","src":"https:\/\/i0.wp.com\/nongsantuanlinh.com\/wp-content\/uploads\/2022\/11\/OT-CANH-LOAI-1-MAT-TRUOC.jpg?fit=900%2C1200&ssl=1&resize=350%2C200","width":350,"height":200,"srcset":"https:\/\/i0.wp.com\/nongsantuanlinh.com\/wp-content\/uploads\/2022\/11\/OT-CANH-LOAI-1-MAT-TRUOC.jpg?fit=900%2C1200&ssl=1&resize=350%2C200 1x, https:\/\/i0.wp.com\/nongsantuanlinh.com\/wp-content\/uploads\/2022\/11\/OT-CANH-LOAI-1-MAT-TRUOC.jpg?fit=900%2C1200&ssl=1&resize=525%2C300 1.5x, https:\/\/i0.wp.com\/nongsantuanlinh.com\/wp-content\/uploads\/2022\/11\/OT-CANH-LOAI-1-MAT-TRUOC.jpg?fit=900%2C1200&ssl=1&resize=700%2C400 2x"},"classes":[]},{"id":322,"url":"https:\/\/nongsantuanlinh.com\/?product=bot-ot-canh-loai-2","url_meta":{"origin":432,"position":4},"title":"B\u1ed9t \u1edat C\u00e1nh lo\u1ea1i 2","author":"nongsantuanlinh","date":"05.11.2022","format":false,"excerpt":"B\u1ed9t \u1edbt \u0111\u01b0\u1ee3c ch\u1ecdn nh\u1eefng qu\u1ea3 \u1edbt t\u01b0\u01a1i lo\u1ea1i 1 ,kh\u00f4ng h\u00e9o \u00faa, kh\u00f4ng thu\u1ed1c b\u1ea3o v\u1ec7 th\u1ef1c v\u1eadt. Sau \u0111\u00f3 s\u01a1 ch\u1ebf r\u1eeda s\u1ea1ch - c\u1eaft l\u00e1t - s\u1ea5y kh\u00f4 v\u00e0 nghi\u1ec1n th\u00e0nh b\u1ed9t \u1edbt d\u1ea1ng c\u00e1nh b\u1eb1ng m\u00e1y c\u00f4ng nghi\u1ec7p hi\u1ec7n \u0111\u1ea1i. B\u1ed9t \u1edbt \u0111\u01b0\u1ee3c s\u1eed d\u1ee5ng l\u00e0m\u2026","rel":"","context":"B\u00e0i t\u01b0\u01a1ng t\u1ef1","block_context":{"text":"B\u00e0i t\u01b0\u01a1ng t\u1ef1","link":""},"img":{"alt_text":"","src":"https:\/\/i0.wp.com\/nongsantuanlinh.com\/wp-content\/uploads\/2022\/11\/OT-CANH-LOAI-2-MAT-TRUOC-rotated.jpg?fit=900%2C1200&ssl=1&resize=350%2C200","width":350,"height":200,"srcset":"https:\/\/i0.wp.com\/nongsantuanlinh.com\/wp-content\/uploads\/2022\/11\/OT-CANH-LOAI-2-MAT-TRUOC-rotated.jpg?fit=900%2C1200&ssl=1&resize=350%2C200 1x, https:\/\/i0.wp.com\/nongsantuanlinh.com\/wp-content\/uploads\/2022\/11\/OT-CANH-LOAI-2-MAT-TRUOC-rotated.jpg?fit=900%2C1200&ssl=1&resize=525%2C300 1.5x, https:\/\/i0.wp.com\/nongsantuanlinh.com\/wp-content\/uploads\/2022\/11\/OT-CANH-LOAI-2-MAT-TRUOC-rotated.jpg?fit=900%2C1200&ssl=1&resize=700%2C400 2x"},"classes":[]},{"id":76,"url":"https:\/\/nongsantuanlinh.com\/?product=cras-mauris","url_meta":{"origin":432,"position":5},"title":"B\u1ed9t H\u00e0nh","author":"nongsantuanlinh","date":"07.06.2013","format":false,"excerpt":"B\u1ed9t H\u00e0nh \u0111\u01b0\u1ee3c \u0111\u00f3ng g\u00f3i t\u1eebng t\u00fai 500g ; 1kg ho\u1eb7c \u0111\u00f3ng g\u00f3i theo y\u00eau c\u1ea7u c\u1ee7a kh\u00e1ch h\u00e0ng.","rel":"","context":"V\u1edbi 1 b\u00ecnh lu\u1eadn","block_context":{"text":"V\u1edbi 1 b\u00ecnh lu\u1eadn","link":"https:\/\/nongsantuanlinh.com\/?product=cras-mauris#comments"},"img":{"alt_text":"","src":"https:\/\/i0.wp.com\/nongsantuanlinh.com\/wp-content\/uploads\/2013\/06\/bot-hanh-1111.png?fit=1200%2C1200&ssl=1&resize=350%2C200","width":350,"height":200,"srcset":"https:\/\/i0.wp.com\/nongsantuanlinh.com\/wp-content\/uploads\/2013\/06\/bot-hanh-1111.png?fit=1200%2C1200&ssl=1&resize=350%2C200 1x, https:\/\/i0.wp.com\/nongsantuanlinh.com\/wp-content\/uploads\/2013\/06\/bot-hanh-1111.png?fit=1200%2C1200&ssl=1&resize=525%2C300 1.5x, https:\/\/i0.wp.com\/nongsantuanlinh.com\/wp-content\/uploads\/2013\/06\/bot-hanh-1111.png?fit=1200%2C1200&ssl=1&resize=700%2C400 2x, https:\/\/i0.wp.com\/nongsantuanlinh.com\/wp-content\/uploads\/2013\/06\/bot-hanh-1111.png?fit=1200%2C1200&ssl=1&resize=1050%2C600 3x"},"classes":[]}],"jetpack_sharing_enabled":true,"_links":{"self":[{"href":"https:\/\/nongsantuanlinh.com\/index.php?rest_route=\/wp\/v2\/product\/432","targetHints":{"allow":["GET"]}}],"collection":[{"href":"https:\/\/nongsantuanlinh.com\/index.php?rest_route=\/wp\/v2\/product"}],"about":[{"href":"https:\/\/nongsantuanlinh.com\/index.php?rest_route=\/wp\/v2\/types\/product"}],"replies":[{"embeddable":true,"href":"https:\/\/nongsantuanlinh.com\/index.php?rest_route=%2Fwp%2Fv2%2Fcomments&post=432"}],"version-history":[{"count":2,"href":"https:\/\/nongsantuanlinh.com\/index.php?rest_route=\/wp\/v2\/product\/432\/revisions"}],"predecessor-version":[{"id":506,"href":"https:\/\/nongsantuanlinh.com\/index.php?rest_route=\/wp\/v2\/product\/432\/revisions\/506"}],"wp:featuredmedia":[{"embeddable":true,"href":"https:\/\/nongsantuanlinh.com\/index.php?rest_route=\/wp\/v2\/media\/482"}],"wp:attachment":[{"href":"https:\/\/nongsantuanlinh.com\/index.php?rest_route=%2Fwp%2Fv2%2Fmedia&parent=432"}],"wp:term":[{"taxonomy":"product_brand","embeddable":true,"href":"https:\/\/nongsantuanlinh.com\/index.php?rest_route=%2Fwp%2Fv2%2Fproduct_brand&post=432"},{"taxonomy":"product_cat","embeddable":true,"href":"https:\/\/nongsantuanlinh.com\/index.php?rest_route=%2Fwp%2Fv2%2Fproduct_cat&post=432"},{"taxonomy":"product_tag","embeddable":true,"href":"https:\/\/nongsantuanlinh.com\/index.php?rest_route=%2Fwp%2Fv2%2Fproduct_tag&post=432"}],"curies":[{"name":"wp","href":"https:\/\/api.w.org\/{rel}","templated":true}]}}