{"id":326,"date":"2022-11-05T05:04:56","date_gmt":"2022-11-05T05:04:56","guid":{"rendered":"https:\/\/nongsantuanlinh.com\/?post_type=product&#038;p=326"},"modified":"2026-03-04T12:57:40","modified_gmt":"2026-03-04T12:57:40","slug":"hanh-thai-lat-say-kho","status":"publish","type":"product","link":"https:\/\/nongsantuanlinh.com\/?product=hanh-thai-lat-say-kho","title":{"rendered":"H\u00e0nh Th\u00e1i L\u00e1t S\u1ea5y Kh\u00f4"},"content":{"rendered":"<p>C\u1ee7 H\u00e0nh \u0111\u01b0\u1ee3c ch\u1ecdn nh\u1eefng c\u1ee7 to, \u0111\u1ed3ng \u0111\u1ec1u. Sau \u0111\u00f3 \u0111\u01b0\u1ee3c th\u00e1i l\u00e1t t\u1eebng mi\u1ebfng \u0111\u1ec3 mang \u0111i s\u1ea5y kh\u00f4 b\u1eb1ng h\u1ec7 th\u1ed1ng s\u1ea5y hi\u1ec7n \u0111\u1ea1i.<\/p>\n","protected":false},"excerpt":{"rendered":"<p>H\u00e0nh Th\u00e1i L\u00e1t S\u1ea5y Kh\u00f4 \u0111\u01b0\u1ee3c \u0111\u00f3ng bao 30 kg ; 40 kg ho\u1eb7c \u0111\u00f3ng g\u00f3i theo y\u00eau c\u1ea7u c\u1ee7a kh\u00e1ch h\u00e0ng.<\/p>\n<p>Gi\u00e1 h\u00e0nh s\u1ea5y kh\u00f4 th\u01b0\u1eddng xuy\u00ean bi\u1ebfn \u0111\u1ed9ng theo, theo ngu\u1ed3n nguy\u00ean li\u1ec7u v\u00e0 theo s\u1ed1 l\u01b0\u1ee3ng kh\u00e1ch \u0111\u1eb7t mua.V\u00ec v\u1eady \u0111\u1ec3 c\u00f3 \u0111\u01b0\u1ee3c s\u1ea3n ph\u1ea9m ch\u1ea5t l\u01b0\u1ee3ng v\u1edbi m\u1ee9c gi\u00e1 t\u1ed1t nh\u1ea5t , qu\u00fd kh\u00e1ch h\u00e0ng vui l\u00f2ng li\u00ean h\u1ec7 s\u1edbm cho ch\u00fang t\u00f4i.<\/p>\n","protected":false},"featured_media":422,"comment_status":"open","ping_status":"closed","template":"","meta":[],"product_brand":[],"product_cat":[18],"product_tag":[17,19],"class_list":{"0":"post-326","1":"product","2":"type-product","3":"status-publish","4":"has-post-thumbnail","6":"product_cat-gia-vi","7":"product_tag-bot-chien","8":"product_tag-gia-vi","10":"first","11":"instock","12":"shipping-taxable","13":"purchasable","14":"product-type-simple"},"jetpack-related-posts":[{"id":76,"url":"https:\/\/nongsantuanlinh.com\/?product=cras-mauris","url_meta":{"origin":326,"position":0},"title":"B\u1ed9t H\u00e0nh","author":"nongsantuanlinh","date":"07.06.2013","format":false,"excerpt":"B\u1ed9t H\u00e0nh \u0111\u01b0\u1ee3c \u0111\u00f3ng g\u00f3i t\u1eebng t\u00fai 500g ; 1kg ho\u1eb7c \u0111\u00f3ng g\u00f3i theo y\u00eau c\u1ea7u c\u1ee7a kh\u00e1ch h\u00e0ng.","rel":"","context":"V\u1edbi 1 b\u00ecnh lu\u1eadn","block_context":{"text":"V\u1edbi 1 b\u00ecnh lu\u1eadn","link":"https:\/\/nongsantuanlinh.com\/?product=cras-mauris#comments"},"img":{"alt_text":"","src":"https:\/\/i0.wp.com\/nongsantuanlinh.com\/wp-content\/uploads\/2013\/06\/bot-hanh-1111.png?fit=1200%2C1200&ssl=1&resize=350%2C200","width":350,"height":200,"srcset":"https:\/\/i0.wp.com\/nongsantuanlinh.com\/wp-content\/uploads\/2013\/06\/bot-hanh-1111.png?fit=1200%2C1200&ssl=1&resize=350%2C200 1x, https:\/\/i0.wp.com\/nongsantuanlinh.com\/wp-content\/uploads\/2013\/06\/bot-hanh-1111.png?fit=1200%2C1200&ssl=1&resize=525%2C300 1.5x, https:\/\/i0.wp.com\/nongsantuanlinh.com\/wp-content\/uploads\/2013\/06\/bot-hanh-1111.png?fit=1200%2C1200&ssl=1&resize=700%2C400 2x, https:\/\/i0.wp.com\/nongsantuanlinh.com\/wp-content\/uploads\/2013\/06\/bot-hanh-1111.png?fit=1200%2C1200&ssl=1&resize=1050%2C600 3x"},"classes":[]},{"id":90,"url":"https:\/\/nongsantuanlinh.com\/?product=nullam-imperdiet","url_meta":{"origin":326,"position":1},"title":"B\u1ed9t T\u1ecfi","author":"nongsantuanlinh","date":"07.06.2013","format":false,"excerpt":"B\u1ed9t t\u1ecfi \u0111\u01b0\u1ee3c \u0111\u00f3ng g\u00f3i t\u1eebng t\u00fai 500g ; 1kg ho\u1eb7c \u0111\u00f3ng g\u00f3i theo y\u00eau c\u1ea7u c\u1ee7a kh\u00e1ch h\u00e0ng.","rel":"","context":"V\u1edbi 1 b\u00ecnh lu\u1eadn","block_context":{"text":"V\u1edbi 1 b\u00ecnh lu\u1eadn","link":"https:\/\/nongsantuanlinh.com\/?product=nullam-imperdiet#comments"},"img":{"alt_text":"","src":"https:\/\/i0.wp.com\/nongsantuanlinh.com\/wp-content\/uploads\/2013\/06\/bot-toi-1.jpg?fit=300%2C300&ssl=1&resize=350%2C200","width":350,"height":200},"classes":[]},{"id":83,"url":"https:\/\/nongsantuanlinh.com\/?product=vestibulum-quis","url_meta":{"origin":326,"position":2},"title":"B\u1ed9t G\u1eebng","author":"nongsantuanlinh","date":"07.06.2013","format":false,"excerpt":"B\u1ed9t G\u1eebng \u0111\u01b0\u1ee3c s\u1eed d\u1ee5ng l\u00e0m nguy\u00ean li\u1ec7u s\u1ea3n xu\u1ea5t th\u1ef1c ,l\u00e0m gia v\u1ecb. \u0110\u00f3ng g\u00f3i 20kg\/bao; 30kg\/bao v\u00e0 \u0111\u00f3ng g\u00f3i theo y\u00eau c\u1ea7u c\u1ee7a kh\u00e1ch h\u00e0ng.","rel":"","context":"B\u00e0i t\u01b0\u01a1ng t\u1ef1","block_context":{"text":"B\u00e0i t\u01b0\u01a1ng t\u1ef1","link":""},"img":{"alt_text":"","src":"https:\/\/i0.wp.com\/nongsantuanlinh.com\/wp-content\/uploads\/2013\/06\/bot-gung-1.jpg?fit=500%2C500&ssl=1&resize=350%2C200","width":350,"height":200},"classes":[]},{"id":424,"url":"https:\/\/nongsantuanlinh.com\/?product=hat-tieu-xay","url_meta":{"origin":326,"position":3},"title":"H\u1ea1t ti\u00eau xay","author":"nongsantuanlinh","date":"23.11.2022","format":false,"excerpt":"H\u1ea1t ti\u00eau xay \u0111\u01b0\u1ee3c ch\u1ecdn nh\u1eefng h\u1ea1t ti\u00eau \u0111\u00e3 \u0111\u01b0\u1ee3c s\u1ea5y kh\u00f4 s\u1ea1ch , kh\u00f4ng b\u1ecb s\u00e2y b\u1ec7nh. Sau \u0111\u00f3 nghi\u1ec1n h\u1ea1t ti\u00eau b\u1eb1ng m\u00e1y nghi\u1ec1n c\u00f4ng nghi\u1ec7p hi\u1ec7n \u0111\u1ea1i. Size k\u00edch c\u1ee1 nghi\u1ec1n \u0111\u00e1p \u1ee9ng theo y\u00eau c\u1ea7u kh\u00e1ch h\u00e0ng. Quy c\u00e1ch \u0111\u00f3ng g\u00f3i : 20 kg- 30 kg\u2026","rel":"","context":"B\u00e0i t\u01b0\u01a1ng t\u1ef1","block_context":{"text":"B\u00e0i t\u01b0\u01a1ng t\u1ef1","link":""},"img":{"alt_text":"","src":"https:\/\/i0.wp.com\/nongsantuanlinh.com\/wp-content\/uploads\/2022\/11\/tieu-xay.png?fit=1200%2C1200&ssl=1&resize=350%2C200","width":350,"height":200,"srcset":"https:\/\/i0.wp.com\/nongsantuanlinh.com\/wp-content\/uploads\/2022\/11\/tieu-xay.png?fit=1200%2C1200&ssl=1&resize=350%2C200 1x, https:\/\/i0.wp.com\/nongsantuanlinh.com\/wp-content\/uploads\/2022\/11\/tieu-xay.png?fit=1200%2C1200&ssl=1&resize=525%2C300 1.5x, https:\/\/i0.wp.com\/nongsantuanlinh.com\/wp-content\/uploads\/2022\/11\/tieu-xay.png?fit=1200%2C1200&ssl=1&resize=700%2C400 2x, https:\/\/i0.wp.com\/nongsantuanlinh.com\/wp-content\/uploads\/2022\/11\/tieu-xay.png?fit=1200%2C1200&ssl=1&resize=1050%2C600 3x"},"classes":[]},{"id":93,"url":"https:\/\/nongsantuanlinh.com\/?product=aliquam-tempus","url_meta":{"origin":326,"position":4},"title":"\u1edat S\u1ea5y Kh\u00f4","author":"nongsantuanlinh","date":"07.06.2013","format":false,"excerpt":"Qu\u1ea3 \u1edbt \u0111\u01b0\u1ee3c ch\u1ecdn nh\u1eefng qu\u1ea3 to, \u0111\u1ed3ng \u0111\u1ec1u v\u1ec1 k\u00edch c\u1ee1. Sau \u0111\u00f3 s\u1ebd \u0111\u01b0\u1ee3c \u0111\u00f3ng g\u00f3i t\u1eebng t\u00fai 1kg ho\u1eb7c \u0111\u00f3ng bao 30 kg; 40 kg; 50 kg v\u00e0 \u0111\u00f3ng theo y\u00eau c\u1ea7u c\u1ee7a kh\u00e1ch h\u00e0ng.","rel":"","context":"B\u00e0i t\u01b0\u01a1ng t\u1ef1","block_context":{"text":"B\u00e0i t\u01b0\u01a1ng t\u1ef1","link":""},"img":{"alt_text":"","src":"https:\/\/i0.wp.com\/nongsantuanlinh.com\/wp-content\/uploads\/2013\/06\/ot-say-kho.jpg?fit=300%2C300&ssl=1&resize=350%2C200","width":350,"height":200},"classes":[]},{"id":87,"url":"https:\/\/nongsantuanlinh.com\/?product=cras-in-dictum","url_meta":{"origin":326,"position":5},"title":"B\u1ed9t \u1edat T\u1ea5m","author":"nongsantuanlinh","date":"07.06.2013","format":false,"excerpt":"B\u1ed9t \u1edbt \u0111\u01b0\u1ee3c ch\u1ecdn nh\u1eefng qu\u1ea3 \u1edbt t\u01b0\u01a1i lo\u1ea1i 1 ,kh\u00f4ng h\u00e9o \u00faa, kh\u00f4ng thu\u1ed1c b\u1ea3o v\u1ec7 th\u1ef1c v\u1eadt. Sau \u0111\u00f3 s\u01a1 ch\u1ebf r\u1eeda s\u1ea1ch - c\u1eaft l\u00e1t - s\u1ea5y kh\u00f4 v\u00e0 nghi\u1ec1n th\u00e0nh b\u1ed9t \u1edbt d\u1ea1ng t\u1ea5m b\u1eb1ng m\u00e1y c\u00f4ng nghi\u1ec7p hi\u1ec7n \u0111\u1ea1i. B\u1ed9t \u1edbt \u0111\u01b0\u1ee3c s\u1eed d\u1ee5ng l\u00e0m\u2026","rel":"","context":"V\u1edbi 1 b\u00ecnh lu\u1eadn","block_context":{"text":"V\u1edbi 1 b\u00ecnh lu\u1eadn","link":"https:\/\/nongsantuanlinh.com\/?product=cras-in-dictum#comments"},"img":{"alt_text":"","src":"https:\/\/i0.wp.com\/nongsantuanlinh.com\/wp-content\/uploads\/2022\/11\/NLS_2243.png?fit=1200%2C1200&ssl=1&resize=350%2C200","width":350,"height":200,"srcset":"https:\/\/i0.wp.com\/nongsantuanlinh.com\/wp-content\/uploads\/2022\/11\/NLS_2243.png?fit=1200%2C1200&ssl=1&resize=350%2C200 1x, https:\/\/i0.wp.com\/nongsantuanlinh.com\/wp-content\/uploads\/2022\/11\/NLS_2243.png?fit=1200%2C1200&ssl=1&resize=525%2C300 1.5x, https:\/\/i0.wp.com\/nongsantuanlinh.com\/wp-content\/uploads\/2022\/11\/NLS_2243.png?fit=1200%2C1200&ssl=1&resize=700%2C400 2x, https:\/\/i0.wp.com\/nongsantuanlinh.com\/wp-content\/uploads\/2022\/11\/NLS_2243.png?fit=1200%2C1200&ssl=1&resize=1050%2C600 3x"},"classes":[]}],"jetpack_sharing_enabled":true,"_links":{"self":[{"href":"https:\/\/nongsantuanlinh.com\/index.php?rest_route=\/wp\/v2\/product\/326","targetHints":{"allow":["GET"]}}],"collection":[{"href":"https:\/\/nongsantuanlinh.com\/index.php?rest_route=\/wp\/v2\/product"}],"about":[{"href":"https:\/\/nongsantuanlinh.com\/index.php?rest_route=\/wp\/v2\/types\/product"}],"replies":[{"embeddable":true,"href":"https:\/\/nongsantuanlinh.com\/index.php?rest_route=%2Fwp%2Fv2%2Fcomments&post=326"}],"version-history":[{"count":2,"href":"https:\/\/nongsantuanlinh.com\/index.php?rest_route=\/wp\/v2\/product\/326\/revisions"}],"predecessor-version":[{"id":337,"href":"https:\/\/nongsantuanlinh.com\/index.php?rest_route=\/wp\/v2\/product\/326\/revisions\/337"}],"wp:featuredmedia":[{"embeddable":true,"href":"https:\/\/nongsantuanlinh.com\/index.php?rest_route=\/wp\/v2\/media\/422"}],"wp:attachment":[{"href":"https:\/\/nongsantuanlinh.com\/index.php?rest_route=%2Fwp%2Fv2%2Fmedia&parent=326"}],"wp:term":[{"taxonomy":"product_brand","embeddable":true,"href":"https:\/\/nongsantuanlinh.com\/index.php?rest_route=%2Fwp%2Fv2%2Fproduct_brand&post=326"},{"taxonomy":"product_cat","embeddable":true,"href":"https:\/\/nongsantuanlinh.com\/index.php?rest_route=%2Fwp%2Fv2%2Fproduct_cat&post=326"},{"taxonomy":"product_tag","embeddable":true,"href":"https:\/\/nongsantuanlinh.com\/index.php?rest_route=%2Fwp%2Fv2%2Fproduct_tag&post=326"}],"curies":[{"name":"wp","href":"https:\/\/api.w.org\/{rel}","templated":true}]}}