{"id":322,"date":"2022-11-05T04:35:44","date_gmt":"2022-11-05T04:35:44","guid":{"rendered":"https:\/\/nongsantuanlinh.com\/?post_type=product&#038;p=322"},"modified":"2026-03-04T12:56:00","modified_gmt":"2026-03-04T12:56:00","slug":"bot-ot-canh-loai-2","status":"publish","type":"product","link":"https:\/\/nongsantuanlinh.com\/?product=bot-ot-canh-loai-2","title":{"rendered":"B\u1ed9t \u1edat C\u00e1nh lo\u1ea1i 2"},"content":{"rendered":"<p>V\u1edbi d\u00e2y chuy\u1ec1n s\u1ea3n xu\u1ea5t hi\u1ec7n \u0111\u1ea1i kh\u00e9p k\u00edn , b\u1ed9t \u1edbt \u0111\u01b0\u1ee3c nghi\u1ec1n th\u00e0nh b\u1ed9t \u0111\u1ec1u nguy\u00ean\u00a0 ch\u1ea5t, tuy\u1ec7t \u0111\u1ed1i kh\u00f4ng s\u1eed d\u1ee5ng b\u1ea5t c\u1ee9 ch\u1ea5t b\u1ea3o qu\u1ea3n v\u00e0 ch\u1ea5t ph\u1ee5 gia tr\u1ed9n v\u00e0o s\u1ea3n ph\u1ea9m.<\/p>\n","protected":false},"excerpt":{"rendered":"<p>B\u1ed9t \u1edbt \u0111\u01b0\u1ee3c ch\u1ecdn nh\u1eefng qu\u1ea3 \u1edbt t\u01b0\u01a1i lo\u1ea1i 1 ,kh\u00f4ng h\u00e9o \u00faa, kh\u00f4ng thu\u1ed1c b\u1ea3o v\u1ec7 th\u1ef1c v\u1eadt. Sau \u0111\u00f3 s\u01a1 ch\u1ebf r\u1eeda s\u1ea1ch &#8211; c\u1eaft l\u00e1t &#8211; s\u1ea5y kh\u00f4 v\u00e0 nghi\u1ec1n th\u00e0nh b\u1ed9t \u1edbt d\u1ea1ng c\u00e1nh b\u1eb1ng m\u00e1y c\u00f4ng nghi\u1ec7p hi\u1ec7n \u0111\u1ea1i.<\/p>\n<p>B\u1ed9t \u1edbt \u0111\u01b0\u1ee3c s\u1eed d\u1ee5ng l\u00e0m nguy\u00ean li\u1ec7u s\u1ea3n xu\u1ea5t th\u1ef1c ph\u1ea9m, l\u00e0m gia v\u1ecb, t\u01b0\u01a1ng \u1edbt.<\/p>\n<p>B\u1ed9t \u1edbt \u0111\u01b0\u1ee3c \u0111\u00f3ng g\u00f3i v\u00e0o t\u00fai c\u00f3 tr\u1ecdng l\u01b0\u1ee3ng 500 g v\u00e0 \u0111\u00f3ng g\u00f3i theo nhu c\u1ea7u c\u1ee7a kh\u00e1ch h\u00e0ng.<\/p>\n","protected":false},"featured_media":323,"comment_status":"open","ping_status":"closed","template":"","meta":[],"product_brand":[],"product_cat":[18],"product_tag":[17,19],"class_list":{"0":"post-322","1":"product","2":"type-product","3":"status-publish","4":"has-post-thumbnail","6":"product_cat-gia-vi","7":"product_tag-bot-chien","8":"product_tag-gia-vi","10":"first","11":"instock","12":"downloadable","13":"shipping-taxable","14":"purchasable","15":"product-type-simple"},"jetpack-related-posts":[{"id":318,"url":"https:\/\/nongsantuanlinh.com\/?product=bot-ot-canh-loai-1","url_meta":{"origin":322,"position":0},"title":"B\u1ed9t \u1edat C\u00e1nh lo\u1ea1i 1","author":"nongsantuanlinh","date":"05.11.2022","format":false,"excerpt":"B\u1ed9t \u1edbt \u0111\u01b0\u1ee3c ch\u1ecdn nh\u1eefng qu\u1ea3 \u1edbt t\u01b0\u01a1i lo\u1ea1i 1 ,kh\u00f4ng h\u00e9o \u00faa, kh\u00f4ng thu\u1ed1c b\u1ea3o v\u1ec7 th\u1ef1c v\u1eadt. Sau \u0111\u00f3 s\u01a1 ch\u1ebf r\u1eeda s\u1ea1ch - c\u1eaft l\u00e1t - s\u1ea5y kh\u00f4 v\u00e0 nghi\u1ec1n th\u00e0nh b\u1ed9t \u1edbt d\u1ea1ng c\u00e1nh b\u1eb1ng m\u00e1y c\u00f4ng nghi\u1ec7p hi\u1ec7n \u0111\u1ea1i. B\u1ed9t \u1edbt \u0111\u01b0\u1ee3c s\u1eed d\u1ee5ng l\u00e0m\u2026","rel":"","context":"V\u1edbi 1 b\u00ecnh lu\u1eadn","block_context":{"text":"V\u1edbi 1 b\u00ecnh lu\u1eadn","link":"https:\/\/nongsantuanlinh.com\/?product=bot-ot-canh-loai-1#comments"},"img":{"alt_text":"","src":"https:\/\/i0.wp.com\/nongsantuanlinh.com\/wp-content\/uploads\/2022\/11\/OT-CANH-LOAI-1-MAT-TRUOC.jpg?fit=900%2C1200&ssl=1&resize=350%2C200","width":350,"height":200,"srcset":"https:\/\/i0.wp.com\/nongsantuanlinh.com\/wp-content\/uploads\/2022\/11\/OT-CANH-LOAI-1-MAT-TRUOC.jpg?fit=900%2C1200&ssl=1&resize=350%2C200 1x, https:\/\/i0.wp.com\/nongsantuanlinh.com\/wp-content\/uploads\/2022\/11\/OT-CANH-LOAI-1-MAT-TRUOC.jpg?fit=900%2C1200&ssl=1&resize=525%2C300 1.5x, https:\/\/i0.wp.com\/nongsantuanlinh.com\/wp-content\/uploads\/2022\/11\/OT-CANH-LOAI-1-MAT-TRUOC.jpg?fit=900%2C1200&ssl=1&resize=700%2C400 2x"},"classes":[]},{"id":87,"url":"https:\/\/nongsantuanlinh.com\/?product=cras-in-dictum","url_meta":{"origin":322,"position":1},"title":"B\u1ed9t \u1edat T\u1ea5m","author":"nongsantuanlinh","date":"07.06.2013","format":false,"excerpt":"B\u1ed9t \u1edbt \u0111\u01b0\u1ee3c ch\u1ecdn nh\u1eefng qu\u1ea3 \u1edbt t\u01b0\u01a1i lo\u1ea1i 1 ,kh\u00f4ng h\u00e9o \u00faa, kh\u00f4ng thu\u1ed1c b\u1ea3o v\u1ec7 th\u1ef1c v\u1eadt. Sau \u0111\u00f3 s\u01a1 ch\u1ebf r\u1eeda s\u1ea1ch - c\u1eaft l\u00e1t - s\u1ea5y kh\u00f4 v\u00e0 nghi\u1ec1n th\u00e0nh b\u1ed9t \u1edbt d\u1ea1ng t\u1ea5m b\u1eb1ng m\u00e1y c\u00f4ng nghi\u1ec7p hi\u1ec7n \u0111\u1ea1i. B\u1ed9t \u1edbt \u0111\u01b0\u1ee3c s\u1eed d\u1ee5ng l\u00e0m\u2026","rel":"","context":"V\u1edbi 1 b\u00ecnh lu\u1eadn","block_context":{"text":"V\u1edbi 1 b\u00ecnh lu\u1eadn","link":"https:\/\/nongsantuanlinh.com\/?product=cras-in-dictum#comments"},"img":{"alt_text":"","src":"https:\/\/i0.wp.com\/nongsantuanlinh.com\/wp-content\/uploads\/2022\/11\/NLS_2243.png?fit=1200%2C1200&ssl=1&resize=350%2C200","width":350,"height":200,"srcset":"https:\/\/i0.wp.com\/nongsantuanlinh.com\/wp-content\/uploads\/2022\/11\/NLS_2243.png?fit=1200%2C1200&ssl=1&resize=350%2C200 1x, https:\/\/i0.wp.com\/nongsantuanlinh.com\/wp-content\/uploads\/2022\/11\/NLS_2243.png?fit=1200%2C1200&ssl=1&resize=525%2C300 1.5x, https:\/\/i0.wp.com\/nongsantuanlinh.com\/wp-content\/uploads\/2022\/11\/NLS_2243.png?fit=1200%2C1200&ssl=1&resize=700%2C400 2x, https:\/\/i0.wp.com\/nongsantuanlinh.com\/wp-content\/uploads\/2022\/11\/NLS_2243.png?fit=1200%2C1200&ssl=1&resize=1050%2C600 3x"},"classes":[]},{"id":93,"url":"https:\/\/nongsantuanlinh.com\/?product=aliquam-tempus","url_meta":{"origin":322,"position":2},"title":"\u1edat S\u1ea5y Kh\u00f4","author":"nongsantuanlinh","date":"07.06.2013","format":false,"excerpt":"Qu\u1ea3 \u1edbt \u0111\u01b0\u1ee3c ch\u1ecdn nh\u1eefng qu\u1ea3 to, \u0111\u1ed3ng \u0111\u1ec1u v\u1ec1 k\u00edch c\u1ee1. Sau \u0111\u00f3 s\u1ebd \u0111\u01b0\u1ee3c \u0111\u00f3ng g\u00f3i t\u1eebng t\u00fai 1kg ho\u1eb7c \u0111\u00f3ng bao 30 kg; 40 kg; 50 kg v\u00e0 \u0111\u00f3ng theo y\u00eau c\u1ea7u c\u1ee7a kh\u00e1ch h\u00e0ng.","rel":"","context":"B\u00e0i t\u01b0\u01a1ng t\u1ef1","block_context":{"text":"B\u00e0i t\u01b0\u01a1ng t\u1ef1","link":""},"img":{"alt_text":"","src":"https:\/\/i0.wp.com\/nongsantuanlinh.com\/wp-content\/uploads\/2013\/06\/ot-say-kho.jpg?fit=300%2C300&ssl=1&resize=350%2C200","width":350,"height":200},"classes":[]},{"id":83,"url":"https:\/\/nongsantuanlinh.com\/?product=vestibulum-quis","url_meta":{"origin":322,"position":3},"title":"B\u1ed9t G\u1eebng","author":"nongsantuanlinh","date":"07.06.2013","format":false,"excerpt":"B\u1ed9t G\u1eebng \u0111\u01b0\u1ee3c s\u1eed d\u1ee5ng l\u00e0m nguy\u00ean li\u1ec7u s\u1ea3n xu\u1ea5t th\u1ef1c ,l\u00e0m gia v\u1ecb. \u0110\u00f3ng g\u00f3i 20kg\/bao; 30kg\/bao v\u00e0 \u0111\u00f3ng g\u00f3i theo y\u00eau c\u1ea7u c\u1ee7a kh\u00e1ch h\u00e0ng.","rel":"","context":"B\u00e0i t\u01b0\u01a1ng t\u1ef1","block_context":{"text":"B\u00e0i t\u01b0\u01a1ng t\u1ef1","link":""},"img":{"alt_text":"","src":"https:\/\/i0.wp.com\/nongsantuanlinh.com\/wp-content\/uploads\/2013\/06\/bot-gung-1.jpg?fit=500%2C500&ssl=1&resize=350%2C200","width":350,"height":200},"classes":[]},{"id":96,"url":"https:\/\/nongsantuanlinh.com\/?product=sed-fringilla-tempus","url_meta":{"origin":322,"position":4},"title":"B\u1ed9t Chi\u00ean X\u00f9 Tr\u1eafng","author":"nongsantuanlinh","date":"07.06.2013","format":false,"excerpt":"B\u1ed9t chi\u00ean x\u00f9 tr\u1eafng c\u00f3 th\u1ec3 \u0111\u00e1p \u1ee9ng \u0111\u01b0\u1ee3c c\u00e1c lo\u1ea1i c\u00e1nh c\u1ee1 nh\u1ecf, to theo y\u00eau c\u1ea7u c\u1ee7a kh\u00e1ch h\u00e0ng. Quy c\u00e1ch \u0111\u00f3ng bao 20 kg ho\u1eb7c h\u1ed9p th\u00f9ng 10 kg \u0111\u00f3ng g\u00f3i 1kg ; h\u1ed9p th\u00f9ng 4 kg \u0111\u00f3ng g\u00f3i 150 g; c\u00f3 th\u1ec3 \u0111\u00f3ng x\u00f9 r\u1eddi. Kh\u00e1ch\u2026","rel":"","context":"V\u1edbi 1 b\u00ecnh lu\u1eadn","block_context":{"text":"V\u1edbi 1 b\u00ecnh lu\u1eadn","link":"https:\/\/nongsantuanlinh.com\/?product=sed-fringilla-tempus#comments"},"img":{"alt_text":"","src":"https:\/\/i0.wp.com\/nongsantuanlinh.com\/wp-content\/uploads\/2022\/11\/NLS_2264.png?fit=1200%2C1200&ssl=1&resize=350%2C200","width":350,"height":200,"srcset":"https:\/\/i0.wp.com\/nongsantuanlinh.com\/wp-content\/uploads\/2022\/11\/NLS_2264.png?fit=1200%2C1200&ssl=1&resize=350%2C200 1x, https:\/\/i0.wp.com\/nongsantuanlinh.com\/wp-content\/uploads\/2022\/11\/NLS_2264.png?fit=1200%2C1200&ssl=1&resize=525%2C300 1.5x, https:\/\/i0.wp.com\/nongsantuanlinh.com\/wp-content\/uploads\/2022\/11\/NLS_2264.png?fit=1200%2C1200&ssl=1&resize=700%2C400 2x, https:\/\/i0.wp.com\/nongsantuanlinh.com\/wp-content\/uploads\/2022\/11\/NLS_2264.png?fit=1200%2C1200&ssl=1&resize=1050%2C600 3x"},"classes":[]},{"id":275,"url":"https:\/\/nongsantuanlinh.com\/?product=bot-chien-xu-vang","url_meta":{"origin":322,"position":5},"title":"B\u1ed9t Chi\u00ean X\u00f9 V\u00e0ng","author":"nongsantuanlinh","date":"03.11.2022","format":false,"excerpt":"B\u1ed9t chi\u00ean x\u00f9 v\u00e0ng c\u00f3 th\u1ec3 \u0111\u00e1p \u1ee9ng \u0111\u01b0\u1ee3c c\u00e1c lo\u1ea1i c\u00e1nh c\u1ee1 nh\u1ecf, to , \u0111\u1ed9 s\u00e1ng c\u1ee7a m\u00e0u theo y\u00eau c\u1ea7u c\u1ee7a kh\u00e1ch h\u00e0ng. Quy c\u00e1ch \u0111\u00f3ng bao 20 kg ho\u1eb7c h\u1ed9p th\u00f9ng 10 kg \u0111\u00f3ng g\u00f3i 1kg ; h\u1ed9p th\u00f9ng 4 kg \u0111\u00f3ng g\u00f3i 150 g; c\u00f3\u2026","rel":"","context":"B\u00e0i t\u01b0\u01a1ng t\u1ef1","block_context":{"text":"B\u00e0i t\u01b0\u01a1ng t\u1ef1","link":""},"img":{"alt_text":"","src":"https:\/\/i0.wp.com\/nongsantuanlinh.com\/wp-content\/uploads\/2022\/11\/z3846220346198_902f806e2f7ee5b9b0c3c6c7181cb6f9-rotated.jpg?fit=900%2C1200&ssl=1&resize=350%2C200","width":350,"height":200,"srcset":"https:\/\/i0.wp.com\/nongsantuanlinh.com\/wp-content\/uploads\/2022\/11\/z3846220346198_902f806e2f7ee5b9b0c3c6c7181cb6f9-rotated.jpg?fit=900%2C1200&ssl=1&resize=350%2C200 1x, https:\/\/i0.wp.com\/nongsantuanlinh.com\/wp-content\/uploads\/2022\/11\/z3846220346198_902f806e2f7ee5b9b0c3c6c7181cb6f9-rotated.jpg?fit=900%2C1200&ssl=1&resize=525%2C300 1.5x, https:\/\/i0.wp.com\/nongsantuanlinh.com\/wp-content\/uploads\/2022\/11\/z3846220346198_902f806e2f7ee5b9b0c3c6c7181cb6f9-rotated.jpg?fit=900%2C1200&ssl=1&resize=700%2C400 2x"},"classes":[]}],"jetpack_sharing_enabled":true,"_links":{"self":[{"href":"https:\/\/nongsantuanlinh.com\/index.php?rest_route=\/wp\/v2\/product\/322","targetHints":{"allow":["GET"]}}],"collection":[{"href":"https:\/\/nongsantuanlinh.com\/index.php?rest_route=\/wp\/v2\/product"}],"about":[{"href":"https:\/\/nongsantuanlinh.com\/index.php?rest_route=\/wp\/v2\/types\/product"}],"replies":[{"embeddable":true,"href":"https:\/\/nongsantuanlinh.com\/index.php?rest_route=%2Fwp%2Fv2%2Fcomments&post=322"}],"version-history":[{"count":1,"href":"https:\/\/nongsantuanlinh.com\/index.php?rest_route=\/wp\/v2\/product\/322\/revisions"}],"predecessor-version":[{"id":325,"href":"https:\/\/nongsantuanlinh.com\/index.php?rest_route=\/wp\/v2\/product\/322\/revisions\/325"}],"wp:featuredmedia":[{"embeddable":true,"href":"https:\/\/nongsantuanlinh.com\/index.php?rest_route=\/wp\/v2\/media\/323"}],"wp:attachment":[{"href":"https:\/\/nongsantuanlinh.com\/index.php?rest_route=%2Fwp%2Fv2%2Fmedia&parent=322"}],"wp:term":[{"taxonomy":"product_brand","embeddable":true,"href":"https:\/\/nongsantuanlinh.com\/index.php?rest_route=%2Fwp%2Fv2%2Fproduct_brand&post=322"},{"taxonomy":"product_cat","embeddable":true,"href":"https:\/\/nongsantuanlinh.com\/index.php?rest_route=%2Fwp%2Fv2%2Fproduct_cat&post=322"},{"taxonomy":"product_tag","embeddable":true,"href":"https:\/\/nongsantuanlinh.com\/index.php?rest_route=%2Fwp%2Fv2%2Fproduct_tag&post=322"}],"curies":[{"name":"wp","href":"https:\/\/api.w.org\/{rel}","templated":true}]}}