{"id":444,"date":"2022-12-29T04:00:40","date_gmt":"2022-12-29T04:00:40","guid":{"rendered":"https:\/\/nongsantuanlinh.com\/?page_id=444"},"modified":"2024-01-29T22:14:24","modified_gmt":"2024-01-29T22:14:24","slug":"thong-bao-va-tin-tuc","status":"publish","type":"page","link":"https:\/\/nongsantuanlinh.com\/?page_id=444","title":{"rendered":"Th\u00f4ng b\u00e1o v\u00e0 tin t\u1ee9c"},"content":{"rendered":"","protected":false},"excerpt":{"rendered":"","protected":false},"author":2,"featured_media":0,"parent":0,"menu_order":0,"comment_status":"closed","ping_status":"closed","template":"","meta":{"footnotes":""},"class_list":["post-444","page","type-page","status-publish","hentry"],"jetpack-related-posts":[{"id":378,"url":"https:\/\/nongsantuanlinh.com\/?page_id=378","url_meta":{"origin":444,"position":0},"title":"CH\u00cdNH S\u00c1CH B\u1ea2O M\u1eacT TH\u00d4NG TIN","author":"nongsantuanlinh","date":"21.11.2022","format":false,"excerpt":"","rel":"","context":"B\u00e0i t\u01b0\u01a1ng t\u1ef1","block_context":{"text":"B\u00e0i t\u01b0\u01a1ng t\u1ef1","link":""},"img":{"alt_text":"","src":"","width":0,"height":0},"classes":[]},{"id":411,"url":"https:\/\/nongsantuanlinh.com\/?page_id=411","url_meta":{"origin":444,"position":1},"title":"TH\u00d4NG B\u00c1O TUY\u1ec2N D\u1ee4NG","author":"nongsantuanlinh","date":"23.11.2022","format":false,"excerpt":"","rel":"","context":"B\u00e0i t\u01b0\u01a1ng t\u1ef1","block_context":{"text":"B\u00e0i t\u01b0\u01a1ng t\u1ef1","link":""},"img":{"alt_text":"","src":"","width":0,"height":0},"classes":[]},{"id":515,"url":"https:\/\/nongsantuanlinh.com\/?page_id=515","url_meta":{"origin":444,"position":2},"title":"Elementor #515","author":"nongsantuanlinh","date":"08.07.2025","format":false,"excerpt":"Th\u00f4ng b\u00e1o l\u1ed7i ::CAPTCHA_BOX::","rel":"","context":"B\u00e0i t\u01b0\u01a1ng t\u1ef1","block_context":{"text":"B\u00e0i t\u01b0\u01a1ng t\u1ef1","link":""},"img":{"alt_text":"","src":"","width":0,"height":0},"classes":[]},{"id":361,"url":"https:\/\/nongsantuanlinh.com\/?page_id=361","url_meta":{"origin":444,"position":3},"title":"QUY \u0110\u1ecaNH V\u00c0 H\u00ccNH TH\u1ee8C THANH TO\u00c1N","author":"nongsantuanlinh","date":"20.11.2022","format":false,"excerpt":"","rel":"","context":"B\u00e0i t\u01b0\u01a1ng t\u1ef1","block_context":{"text":"B\u00e0i t\u01b0\u01a1ng t\u1ef1","link":""},"img":{"alt_text":"","src":"","width":0,"height":0},"classes":[]},{"id":376,"url":"https:\/\/nongsantuanlinh.com\/?page_id=376","url_meta":{"origin":444,"position":4},"title":"CH\u00cdNH S\u00c1CH \u0110\u1ed4I\/TR\u1ea2\/H\u1ee6Y V\u00c0 HO\u00c0N TI\u1ec0N","author":"nongsantuanlinh","date":"21.11.2022","format":false,"excerpt":"","rel":"","context":"B\u00e0i t\u01b0\u01a1ng t\u1ef1","block_context":{"text":"B\u00e0i t\u01b0\u01a1ng t\u1ef1","link":""},"img":{"alt_text":"","src":"","width":0,"height":0},"classes":[]}],"jetpack_sharing_enabled":true,"_links":{"self":[{"href":"https:\/\/nongsantuanlinh.com\/index.php?rest_route=\/wp\/v2\/pages\/444","targetHints":{"allow":["GET"]}}],"collection":[{"href":"https:\/\/nongsantuanlinh.com\/index.php?rest_route=\/wp\/v2\/pages"}],"about":[{"href":"https:\/\/nongsantuanlinh.com\/index.php?rest_route=\/wp\/v2\/types\/page"}],"author":[{"embeddable":true,"href":"https:\/\/nongsantuanlinh.com\/index.php?rest_route=\/wp\/v2\/users\/2"}],"replies":[{"embeddable":true,"href":"https:\/\/nongsantuanlinh.com\/index.php?rest_route=%2Fwp%2Fv2%2Fcomments&post=444"}],"version-history":[{"count":1,"href":"https:\/\/nongsantuanlinh.com\/index.php?rest_route=\/wp\/v2\/pages\/444\/revisions"}],"predecessor-version":[{"id":446,"href":"https:\/\/nongsantuanlinh.com\/index.php?rest_route=\/wp\/v2\/pages\/444\/revisions\/446"}],"wp:attachment":[{"href":"https:\/\/nongsantuanlinh.com\/index.php?rest_route=%2Fwp%2Fv2%2Fmedia&parent=444"}],"curies":[{"name":"wp","href":"https:\/\/api.w.org\/{rel}","templated":true}]}}