{"id":411,"date":"2022-11-23T02:38:06","date_gmt":"2022-11-23T02:38:06","guid":{"rendered":"https:\/\/nongsantuanlinh.com\/?page_id=411"},"modified":"2022-11-23T02:56:17","modified_gmt":"2022-11-23T02:56:17","slug":"thong-bao-tuyen-dung","status":"publish","type":"page","link":"https:\/\/nongsantuanlinh.com\/?page_id=411","title":{"rendered":"TH\u00d4NG B\u00c1O TUY\u1ec2N D\u1ee4NG"},"content":{"rendered":"","protected":false},"excerpt":{"rendered":"","protected":false},"author":2,"featured_media":0,"parent":0,"menu_order":0,"comment_status":"closed","ping_status":"closed","template":"","meta":{"footnotes":""},"class_list":["post-411","page","type-page","status-publish","hentry"],"jetpack-related-posts":[{"id":444,"url":"https:\/\/nongsantuanlinh.com\/?page_id=444","url_meta":{"origin":411,"position":0},"title":"Th\u00f4ng b\u00e1o v\u00e0 tin t\u1ee9c","author":"nongsantuanlinh","date":"29.12.2022","format":false,"excerpt":"","rel":"","context":"B\u00e0i t\u01b0\u01a1ng t\u1ef1","block_context":{"text":"B\u00e0i t\u01b0\u01a1ng t\u1ef1","link":""},"img":{"alt_text":"","src":"","width":0,"height":0},"classes":[]},{"id":378,"url":"https:\/\/nongsantuanlinh.com\/?page_id=378","url_meta":{"origin":411,"position":1},"title":"CH\u00cdNH S\u00c1CH B\u1ea2O M\u1eacT TH\u00d4NG TIN","author":"nongsantuanlinh","date":"21.11.2022","format":false,"excerpt":"","rel":"","context":"B\u00e0i t\u01b0\u01a1ng t\u1ef1","block_context":{"text":"B\u00e0i t\u01b0\u01a1ng t\u1ef1","link":""},"img":{"alt_text":"","src":"","width":0,"height":0},"classes":[]},{"id":515,"url":"https:\/\/nongsantuanlinh.com\/?page_id=515","url_meta":{"origin":411,"position":2},"title":"Elementor #515","author":"nongsantuanlinh","date":"08.07.2025","format":false,"excerpt":"Th\u00f4ng b\u00e1o l\u1ed7i ::CAPTCHA_BOX::","rel":"","context":"B\u00e0i t\u01b0\u01a1ng t\u1ef1","block_context":{"text":"B\u00e0i t\u01b0\u01a1ng t\u1ef1","link":""},"img":{"alt_text":"","src":"","width":0,"height":0},"classes":[]}],"jetpack_sharing_enabled":true,"_links":{"self":[{"href":"https:\/\/nongsantuanlinh.com\/index.php?rest_route=\/wp\/v2\/pages\/411","targetHints":{"allow":["GET"]}}],"collection":[{"href":"https:\/\/nongsantuanlinh.com\/index.php?rest_route=\/wp\/v2\/pages"}],"about":[{"href":"https:\/\/nongsantuanlinh.com\/index.php?rest_route=\/wp\/v2\/types\/page"}],"author":[{"embeddable":true,"href":"https:\/\/nongsantuanlinh.com\/index.php?rest_route=\/wp\/v2\/users\/2"}],"replies":[{"embeddable":true,"href":"https:\/\/nongsantuanlinh.com\/index.php?rest_route=%2Fwp%2Fv2%2Fcomments&post=411"}],"version-history":[{"count":1,"href":"https:\/\/nongsantuanlinh.com\/index.php?rest_route=\/wp\/v2\/pages\/411\/revisions"}],"predecessor-version":[{"id":412,"href":"https:\/\/nongsantuanlinh.com\/index.php?rest_route=\/wp\/v2\/pages\/411\/revisions\/412"}],"wp:attachment":[{"href":"https:\/\/nongsantuanlinh.com\/index.php?rest_route=%2Fwp%2Fv2%2Fmedia&parent=411"}],"curies":[{"name":"wp","href":"https:\/\/api.w.org\/{rel}","templated":true}]}}