{"id":376,"date":"2022-11-21T08:55:49","date_gmt":"2022-11-21T08:55:49","guid":{"rendered":"https:\/\/nongsantuanlinh.com\/?page_id=376"},"modified":"2022-11-21T08:55:53","modified_gmt":"2022-11-21T08:55:54","slug":"chinh-sach-doi-tra-huy-va-hoan-tien","status":"publish","type":"page","link":"https:\/\/nongsantuanlinh.com\/?page_id=376","title":{"rendered":"<strong>CH\u00cdNH S\u00c1CH \u0110\u1ed4I\/TR\u1ea2\/H\u1ee6Y V\u00c0 HO\u00c0N TI\u1ec0N<\/strong>"},"content":{"rendered":"","protected":false},"excerpt":{"rendered":"","protected":false},"author":2,"featured_media":0,"parent":0,"menu_order":0,"comment_status":"closed","ping_status":"closed","template":"","meta":{"footnotes":""},"class_list":["post-376","page","type-page","status-publish","hentry"],"jetpack-related-posts":[{"id":374,"url":"https:\/\/nongsantuanlinh.com\/?page_id=374","url_meta":{"origin":376,"position":0},"title":"CH\u00cdNH S\u00c1CH GIAO NH\u1eacN\/V\u1eacN CHUY\u1ec2N","author":"nongsantuanlinh","date":"21.11.2022","format":false,"excerpt":"","rel":"","context":"B\u00e0i t\u01b0\u01a1ng t\u1ef1","block_context":{"text":"B\u00e0i t\u01b0\u01a1ng t\u1ef1","link":""},"img":{"alt_text":"","src":"","width":0,"height":0},"classes":[]},{"id":378,"url":"https:\/\/nongsantuanlinh.com\/?page_id=378","url_meta":{"origin":376,"position":1},"title":"CH\u00cdNH S\u00c1CH B\u1ea2O M\u1eacT TH\u00d4NG TIN","author":"nongsantuanlinh","date":"21.11.2022","format":false,"excerpt":"","rel":"","context":"B\u00e0i t\u01b0\u01a1ng t\u1ef1","block_context":{"text":"B\u00e0i t\u01b0\u01a1ng t\u1ef1","link":""},"img":{"alt_text":"","src":"","width":0,"height":0},"classes":[]},{"id":444,"url":"https:\/\/nongsantuanlinh.com\/?page_id=444","url_meta":{"origin":376,"position":2},"title":"Th\u00f4ng b\u00e1o v\u00e0 tin t\u1ee9c","author":"nongsantuanlinh","date":"29.12.2022","format":false,"excerpt":"","rel":"","context":"B\u00e0i t\u01b0\u01a1ng t\u1ef1","block_context":{"text":"B\u00e0i t\u01b0\u01a1ng t\u1ef1","link":""},"img":{"alt_text":"","src":"","width":0,"height":0},"classes":[]},{"id":361,"url":"https:\/\/nongsantuanlinh.com\/?page_id=361","url_meta":{"origin":376,"position":3},"title":"QUY \u0110\u1ecaNH V\u00c0 H\u00ccNH TH\u1ee8C THANH TO\u00c1N","author":"nongsantuanlinh","date":"20.11.2022","format":false,"excerpt":"","rel":"","context":"B\u00e0i t\u01b0\u01a1ng t\u1ef1","block_context":{"text":"B\u00e0i t\u01b0\u01a1ng t\u1ef1","link":""},"img":{"alt_text":"","src":"","width":0,"height":0},"classes":[]}],"jetpack_sharing_enabled":true,"_links":{"self":[{"href":"https:\/\/nongsantuanlinh.com\/index.php?rest_route=\/wp\/v2\/pages\/376","targetHints":{"allow":["GET"]}}],"collection":[{"href":"https:\/\/nongsantuanlinh.com\/index.php?rest_route=\/wp\/v2\/pages"}],"about":[{"href":"https:\/\/nongsantuanlinh.com\/index.php?rest_route=\/wp\/v2\/types\/page"}],"author":[{"embeddable":true,"href":"https:\/\/nongsantuanlinh.com\/index.php?rest_route=\/wp\/v2\/users\/2"}],"replies":[{"embeddable":true,"href":"https:\/\/nongsantuanlinh.com\/index.php?rest_route=%2Fwp%2Fv2%2Fcomments&post=376"}],"version-history":[{"count":1,"href":"https:\/\/nongsantuanlinh.com\/index.php?rest_route=\/wp\/v2\/pages\/376\/revisions"}],"predecessor-version":[{"id":377,"href":"https:\/\/nongsantuanlinh.com\/index.php?rest_route=\/wp\/v2\/pages\/376\/revisions\/377"}],"wp:attachment":[{"href":"https:\/\/nongsantuanlinh.com\/index.php?rest_route=%2Fwp%2Fv2%2Fmedia&parent=376"}],"curies":[{"name":"wp","href":"https:\/\/api.w.org\/{rel}","templated":true}]}}