{"id":361,"date":"2022-11-20T20:46:56","date_gmt":"2022-11-20T20:46:56","guid":{"rendered":"https:\/\/nongsantuanlinh.com\/?page_id=361"},"modified":"2022-11-20T22:08:07","modified_gmt":"2022-11-20T22:08:07","slug":"quy-dinh-va-hinh-thuc-thanh-toan","status":"publish","type":"page","link":"https:\/\/nongsantuanlinh.com\/?page_id=361","title":{"rendered":"QUY \u0110\u1ecaNH V\u00c0 H\u00ccNH TH\u1ee8C THANH TO\u00c1N"},"content":{"rendered":"","protected":false},"excerpt":{"rendered":"","protected":false},"author":2,"featured_media":0,"parent":0,"menu_order":0,"comment_status":"closed","ping_status":"closed","template":"","meta":{"footnotes":""},"class_list":["post-361","page","type-page","status-publish","hentry"],"jetpack-related-posts":[{"id":444,"url":"https:\/\/nongsantuanlinh.com\/?page_id=444","url_meta":{"origin":361,"position":0},"title":"Th\u00f4ng b\u00e1o v\u00e0 tin t\u1ee9c","author":"nongsantuanlinh","date":"29.12.2022","format":false,"excerpt":"","rel":"","context":"B\u00e0i t\u01b0\u01a1ng t\u1ef1","block_context":{"text":"B\u00e0i t\u01b0\u01a1ng t\u1ef1","link":""},"img":{"alt_text":"","src":"","width":0,"height":0},"classes":[]},{"id":376,"url":"https:\/\/nongsantuanlinh.com\/?page_id=376","url_meta":{"origin":361,"position":1},"title":"CH\u00cdNH S\u00c1CH \u0110\u1ed4I\/TR\u1ea2\/H\u1ee6Y V\u00c0 HO\u00c0N TI\u1ec0N","author":"nongsantuanlinh","date":"21.11.2022","format":false,"excerpt":"","rel":"","context":"B\u00e0i t\u01b0\u01a1ng t\u1ef1","block_context":{"text":"B\u00e0i t\u01b0\u01a1ng t\u1ef1","link":""},"img":{"alt_text":"","src":"","width":0,"height":0},"classes":[]},{"id":2,"url":"https:\/\/nongsantuanlinh.com\/","url_meta":{"origin":361,"position":2},"title":"TRANG CH\u1ee6","author":"nongsantuanlinh","date":"12.10.2016","format":false,"excerpt":"","rel":"","context":"B\u00e0i t\u01b0\u01a1ng t\u1ef1","block_context":{"text":"B\u00e0i t\u01b0\u01a1ng t\u1ef1","link":""},"img":{"alt_text":"","src":"https:\/\/i0.wp.com\/nongsantuanlinh.com\/wp-content\/uploads\/2022\/11\/anh-nen-ca-nhan.jpg?fit=1200%2C800&ssl=1&resize=350%2C200","width":350,"height":200,"srcset":"https:\/\/i0.wp.com\/nongsantuanlinh.com\/wp-content\/uploads\/2022\/11\/anh-nen-ca-nhan.jpg?fit=1200%2C800&ssl=1&resize=350%2C200 1x, https:\/\/i0.wp.com\/nongsantuanlinh.com\/wp-content\/uploads\/2022\/11\/anh-nen-ca-nhan.jpg?fit=1200%2C800&ssl=1&resize=525%2C300 1.5x, https:\/\/i0.wp.com\/nongsantuanlinh.com\/wp-content\/uploads\/2022\/11\/anh-nen-ca-nhan.jpg?fit=1200%2C800&ssl=1&resize=700%2C400 2x, https:\/\/i0.wp.com\/nongsantuanlinh.com\/wp-content\/uploads\/2022\/11\/anh-nen-ca-nhan.jpg?fit=1200%2C800&ssl=1&resize=1050%2C600 3x"},"classes":[]},{"id":43,"url":"https:\/\/nongsantuanlinh.com\/?page_id=43","url_meta":{"origin":361,"position":3},"title":"Checkout","author":"nongsantuanlinh","date":"12.10.2016","format":false,"excerpt":"","rel":"","context":"B\u00e0i t\u01b0\u01a1ng t\u1ef1","block_context":{"text":"B\u00e0i t\u01b0\u01a1ng t\u1ef1","link":""},"img":{"alt_text":"","src":"","width":0,"height":0},"classes":[]},{"id":14,"url":"https:\/\/nongsantuanlinh.com\/?page_id=14","url_meta":{"origin":361,"position":4},"title":"GI\u1edaI THI\u1ec6U","author":"nongsantuanlinh","date":"22.05.2022","format":false,"excerpt":"","rel":"","context":"B\u00e0i t\u01b0\u01a1ng t\u1ef1","block_context":{"text":"B\u00e0i t\u01b0\u01a1ng t\u1ef1","link":""},"img":{"alt_text":"","src":"","width":0,"height":0},"classes":[]},{"id":18,"url":"https:\/\/nongsantuanlinh.com\/?page_id=18","url_meta":{"origin":361,"position":5},"title":"LI\u00caN H\u1ec6","author":"nongsantuanlinh","date":"22.05.2022","format":false,"excerpt":"","rel":"","context":"B\u00e0i t\u01b0\u01a1ng t\u1ef1","block_context":{"text":"B\u00e0i t\u01b0\u01a1ng t\u1ef1","link":""},"img":{"alt_text":"","src":"","width":0,"height":0},"classes":[]}],"jetpack_sharing_enabled":true,"_links":{"self":[{"href":"https:\/\/nongsantuanlinh.com\/index.php?rest_route=\/wp\/v2\/pages\/361","targetHints":{"allow":["GET"]}}],"collection":[{"href":"https:\/\/nongsantuanlinh.com\/index.php?rest_route=\/wp\/v2\/pages"}],"about":[{"href":"https:\/\/nongsantuanlinh.com\/index.php?rest_route=\/wp\/v2\/types\/page"}],"author":[{"embeddable":true,"href":"https:\/\/nongsantuanlinh.com\/index.php?rest_route=\/wp\/v2\/users\/2"}],"replies":[{"embeddable":true,"href":"https:\/\/nongsantuanlinh.com\/index.php?rest_route=%2Fwp%2Fv2%2Fcomments&post=361"}],"version-history":[{"count":1,"href":"https:\/\/nongsantuanlinh.com\/index.php?rest_route=\/wp\/v2\/pages\/361\/revisions"}],"predecessor-version":[{"id":362,"href":"https:\/\/nongsantuanlinh.com\/index.php?rest_route=\/wp\/v2\/pages\/361\/revisions\/362"}],"wp:attachment":[{"href":"https:\/\/nongsantuanlinh.com\/index.php?rest_route=%2Fwp%2Fv2%2Fmedia&parent=361"}],"curies":[{"name":"wp","href":"https:\/\/api.w.org\/{rel}","templated":true}]}}